{"id":6518,"date":"2022-05-09T11:25:03","date_gmt":"2022-05-09T09:25:03","guid":{"rendered":"https:\/\/ciagro.umh.es\/formacion\/"},"modified":"2026-03-17T11:15:14","modified_gmt":"2026-03-17T10:15:14","slug":"training","status":"publish","type":"page","link":"https:\/\/ciagro.umh.es\/en\/services-to-companies\/training\/","title":{"rendered":"Training"},"content":{"rendered":"<p>[et_pb_section fb_built=&#8221;1&#8243; _builder_version=&#8221;4.17.4&#8243; _module_preset=&#8221;default&#8221; global_colors_info=&#8221;{}&#8221;][et_pb_row _builder_version=&#8221;4.17.4&#8243; _module_preset=&#8221;default&#8221; global_colors_info=&#8221;{}&#8221;][et_pb_column type=&#8221;4_4&#8243; _builder_version=&#8221;4.17.4&#8243; _module_preset=&#8221;default&#8221; global_colors_info=&#8221;{}&#8221;][et_pb_text _builder_version=&#8221;4.17.4&#8243; _module_preset=&#8221;default&#8221; text_text_color=&#8221;#FFFFFF&#8221; header_text_color=&#8221;#FFFFFF&#8221; background_color=&#8221;#470800&#8243; custom_padding=&#8221;10px||10px|15px|false|false&#8221; global_colors_info=&#8221;{}&#8221;]<\/p>\n<h1>Training<\/h1>\n<p>[\/et_pb_text][\/et_pb_column][\/et_pb_row][et_pb_row column_structure=&#8221;1_2,1_2&#8243; _builder_version=&#8221;4.17.4&#8243; _module_preset=&#8221;default&#8221; min_height=&#8221;757.2px&#8221; custom_margin=&#8221;|auto|-18px|auto||&#8221; custom_padding=&#8221;||0px|||&#8221; global_colors_info=&#8221;{}&#8221;][et_pb_column type=&#8221;1_2&#8243; _builder_version=&#8221;4.17.4&#8243; _module_preset=&#8221;default&#8221; global_colors_info=&#8221;{}&#8221;][et_pb_blurb title=&#8221;Management of agro-industrial waste through composting&#8221; url_new_window=&#8221;on&#8221; image=&#8221;https:\/\/ciagro.umh.es\/files\/2022\/07\/Compostaje.jpg&#8221; _builder_version=&#8221;4.17.4&#8243; _module_preset=&#8221;default&#8221; custom_margin=&#8221;||||false|false&#8221; custom_padding=&#8221;10px|10px|2px|10px|false|false&#8221; link_option_url=&#8221;mailto:c.paredes@umh.es&#8221; link_option_url_new_window=&#8221;on&#8221; box_shadow_style=&#8221;preset2&#8243; global_colors_info=&#8221;{}&#8221;]<\/p>\n<ul>\n<li>Situation of the agro-industrial sector.<\/li>\n<li>Production process and waste generation points.<\/li>\n<li>Characteristics of agro-industrial waste.<\/li>\n<li>Destinations of agro-industrial waste.<\/li>\n<li>Composting as a method of recycling agro-industrial waste.<\/li>\n<li>Evaluation of compost quality.<\/li>\n<li>Regulations on the quality of compost.<\/li>\n<\/ul>\n<p><img loading=\"lazy\" src=\"https:\/\/ciagro.umh.es\/files\/2022\/07\/modalidad.png\" width=\"24\" height=\"24\" alt=\"\" class=\"wp-image-2333 alignnone size-full\" srcset=\"https:\/\/ciagro.umh.es\/files\/2022\/07\/modalidad.png 160w, https:\/\/ciagro.umh.es\/files\/2022\/07\/modalidad-150x150.png 150w\" sizes=\"(max-width: 24px) 100vw, 24px\" \/> Semi-presential Type III (independent part (online exam) + videoconference part (master classes) + face-to-face part (model demonstration and advice)<\/p>\n<p><img loading=\"lazy\" src=\"https:\/\/ciagro.umh.es\/files\/2022\/07\/duracion-VERDE.jpg\" width=\"18\" height=\"18\" alt=\"\" class=\"wp-image-2321 alignnone size-full\" \/> 15h\u00a0 \u00a0 \u00a0 \u00a0 <img loading=\"lazy\" src=\"https:\/\/ciagro.umh.es\/files\/2022\/07\/horario.png\" width=\"22\" height=\"22\" alt=\"\" class=\"wp-image-2327 alignnone size-full\" srcset=\"https:\/\/ciagro.umh.es\/files\/2022\/07\/horario.png 240w, https:\/\/ciagro.umh.es\/files\/2022\/07\/horario-150x150.png 150w\" sizes=\"(max-width: 22px) 100vw, 22px\" \/>\u00a01 tarde a la semana<\/p>\n<p style=\"text-align: center\"><a href=\"mailto:c.paredes@umh.es\" target=\"_blank\" rel=\"noopener\">CONTACT<\/a><\/p>\n<p>[\/et_pb_blurb][\/et_pb_column][et_pb_column type=&#8221;1_2&#8243; _builder_version=&#8221;4.17.4&#8243; _module_preset=&#8221;default&#8221; global_colors_info=&#8221;{}&#8221;][et_pb_blurb title=&#8221;Technical inspection of milking machines&#8221; image=&#8221;https:\/\/ciagro.umh.es\/files\/2022\/07\/Equipos-de-ordeno.png&#8221; _builder_version=&#8221;4.17.4&#8243; _module_preset=&#8221;default&#8221; custom_padding=&#8221;10px|10px|10px|10px|false|false&#8221; link_option_url=&#8221;mailto:gemaromero@umh.es&#8221; link_option_url_new_window=&#8221;on&#8221; box_shadow_style=&#8221;preset2&#8243; global_colors_info=&#8221;{}&#8221;]<\/p>\n<p>Theoretical and practical training on the milking machine inspection system according to ISO and UNE standards.<\/p>\n<p><img loading=\"lazy\" src=\"https:\/\/ciagro.umh.es\/files\/2022\/07\/modalidad.png\" width=\"24\" height=\"24\" alt=\"\" class=\"wp-image-2333 alignnone size-full\" srcset=\"https:\/\/ciagro.umh.es\/files\/2022\/07\/modalidad.png 160w, https:\/\/ciagro.umh.es\/files\/2022\/07\/modalidad-150x150.png 150w\" sizes=\"(max-width: 24px) 100vw, 24px\" \/>\u00a0 Hybrid Type II (part videoconference + part face-to-face)<\/p>\n<p><img loading=\"lazy\" src=\"https:\/\/ciagro.umh.es\/files\/2022\/07\/duracion-VERDE.jpg\" width=\"18\" height=\"18\" alt=\"\" class=\"wp-image-2321 alignnone size-full\" \/> 20h<\/p>\n<p><img loading=\"lazy\" src=\"https:\/\/ciagro.umh.es\/files\/2022\/07\/horario.png\" width=\"22\" height=\"22\" alt=\"\" class=\"wp-image-2327 alignnone size-full\" srcset=\"https:\/\/ciagro.umh.es\/files\/2022\/07\/horario.png 240w, https:\/\/ciagro.umh.es\/files\/2022\/07\/horario-150x150.png 150w\" sizes=\"(max-width: 22px) 100vw, 22px\" \/>\u00a0 To be agreed<\/p>\n<p style=\"text-align: center\"><a href=\"mailto:gemaromero@umh.es\" target=\"_blank\" rel=\"noopener\">CONTACT<\/a><\/p>\n<p>[\/et_pb_blurb][\/et_pb_column][\/et_pb_row][et_pb_row column_structure=&#8221;1_2,1_2&#8243; _builder_version=&#8221;4.17.4&#8243; _module_preset=&#8221;default&#8221; global_colors_info=&#8221;{}&#8221;][et_pb_column type=&#8221;1_2&#8243; _builder_version=&#8221;4.17.4&#8243; _module_preset=&#8221;default&#8221; global_colors_info=&#8221;{}&#8221;][et_pb_blurb title=&#8221;Applications of biotechnology to plant breeding&#8221; image=&#8221;https:\/\/ciagro.umh.es\/files\/2022\/07\/BIOTECNOLOGIA-VEGETAL-e1658247073103.jpg&#8221; _builder_version=&#8221;4.17.4&#8243; _module_preset=&#8221;default&#8221; custom_margin=&#8221;32px|||||&#8221; custom_padding=&#8221;10px|10px|10px|10px|false|false&#8221; link_option_url=&#8221;mailto:fabian.guillen@umh.es&#8221; link_option_url_new_window=&#8221;on&#8221; box_shadow_style=&#8221;preset2&#8243; global_colors_info=&#8221;{}&#8221;]<\/p>\n<p>The contents of this training course are as follows:<\/p>\n<p>1. Origin of agriculture and domestication of crops.<\/p>\n<p>2. Plant improvement: improvement objectives, techniques used, improvement periods, limitations of classical improvement.<\/p>\n<p>3. Biotechnology: in vitro culture, embryo rescue, protoplast fusion, polyploids, bridging species.<\/p>\n<p>4. Molecular markers: types of markers, advantages and disadvantages, search methods, assisted selection, massive genotyping.<\/p>\n<p>5. Transgenesis: transformation methods, examples of transgenic crops, advantages and disadvantages.<\/p>\n<p><img loading=\"lazy\" src=\"https:\/\/ciagro.umh.es\/files\/2022\/07\/modalidad.png\" width=\"24\" height=\"24\" alt=\"\" class=\"wp-image-2333 alignnone size-full\" srcset=\"https:\/\/ciagro.umh.es\/files\/2022\/07\/modalidad.png 160w, https:\/\/ciagro.umh.es\/files\/2022\/07\/modalidad-150x150.png 150w\" sizes=\"(max-width: 24px) 100vw, 24px\" \/>\u00a0 100% videoconference<\/p>\n<p><img loading=\"lazy\" src=\"https:\/\/ciagro.umh.es\/files\/2022\/07\/duracion-VERDE.jpg\" width=\"25\" height=\"25\" alt=\"\" class=\"wp-image-2321 alignnone size-full\" \/> 20h<\/p>\n<p><img loading=\"lazy\" src=\"https:\/\/ciagro.umh.es\/files\/2022\/07\/horario.png\" width=\"27\" height=\"27\" alt=\"\" class=\"wp-image-2327 alignnone size-full\" srcset=\"https:\/\/ciagro.umh.es\/files\/2022\/07\/horario.png 240w, https:\/\/ciagro.umh.es\/files\/2022\/07\/horario-150x150.png 150w\" sizes=\"(max-width: 27px) 100vw, 27px\" \/> Adaptable to the company&#8217;s needs<\/p>\n<p style=\"text-align: center\"><a href=\"mailto:fabian.guillen@umh.es\" target=\"_blank\" rel=\"noopener\">CONTACT<\/a><\/p>\n<p>&nbsp;<\/p>\n<p>[\/et_pb_blurb][\/et_pb_column][et_pb_column type=&#8221;1_2&#8243; _builder_version=&#8221;4.17.4&#8243; _module_preset=&#8221;default&#8221; global_colors_info=&#8221;{}&#8221;][\/et_pb_column][\/et_pb_row][et_pb_row _builder_version=&#8221;4.17.4&#8243; _module_preset=&#8221;default&#8221; background_color=&#8221;#55bab7&#8243; global_colors_info=&#8221;{}&#8221;][et_pb_column type=&#8221;4_4&#8243; _builder_version=&#8221;4.17.4&#8243; _module_preset=&#8221;default&#8221; global_colors_info=&#8221;{}&#8221;][et_pb_text _builder_version=&#8221;4.17.4&#8243; _module_preset=&#8221;default&#8221; text_text_color=&#8221;#FFFFFF&#8221; header_3_text_color=&#8221;#FFFFFF&#8221; header_4_text_align=&#8221;center&#8221; header_4_text_color=&#8221;#FFFFFF&#8221; custom_margin=&#8221;||8px|||&#8221; custom_padding=&#8221;|10px||10px|false|false&#8221; global_colors_info=&#8221;{}&#8221;]<\/p>\n<h4>For more information about courses, or to request a customized course, please do not hesitate to contact us!<\/h4>\n<p>[\/et_pb_text][et_pb_button button_url=&#8221;mailto:rsuay@umh.es&#8221; url_new_window=&#8221;on&#8221; button_text=&#8221;CONTACT US!&#8221; button_alignment=&#8221;center&#8221; _builder_version=&#8221;4.17.4&#8243; _module_preset=&#8221;default&#8221; custom_button=&#8221;on&#8221; button_text_color=&#8221;#FFFFFF&#8221; button_bg_color=&#8221;#651906&#8243; button_border_width=&#8221;0px&#8221; background_layout=&#8221;dark&#8221; global_colors_info=&#8221;{}&#8221;][\/et_pb_button][\/et_pb_column][\/et_pb_row][\/et_pb_section]<\/p>\n","protected":false},"excerpt":{"rendered":"<p>Training Situation of the agro-industrial sector. Production process and waste generation points. Characteristics of agro-industrial waste. Destinations of agro-industrial waste. Composting as a method of recycling agro-industrial waste. Evaluation of compost quality. Regulations on the quality of compost. Semi-presential Type III (independent part (online exam) + videoconference part (master classes) + face-to-face part (model demonstration [&hellip;]<\/p>\n","protected":false},"author":6497,"featured_media":0,"parent":6536,"menu_order":1,"comment_status":"closed","ping_status":"closed","template":"","meta":{"_et_pb_use_builder":"on","_et_pb_old_content":"","_et_gb_content_width":"","_links_to":"","_links_to_target":""},"yoast_head":"<!-- This site is optimized with the Yoast SEO plugin v17.5 - https:\/\/yoast.com\/wordpress\/plugins\/seo\/ -->\n<title>Training - Instituto de Investigaci\u00f3n e Innovaci\u00f3n Agroalimentaria y Agroambiental de la UMH<\/title>\n<meta name=\"robots\" content=\"index, follow, max-snippet:-1, max-image-preview:large, max-video-preview:-1\" \/>\n<link rel=\"canonical\" href=\"https:\/\/ciagro.umh.es\/en\/services-to-companies\/training\/\" \/>\n<meta property=\"og:locale\" content=\"en_US\" \/>\n<meta property=\"og:type\" content=\"article\" \/>\n<meta property=\"og:title\" content=\"Training - Instituto de Investigaci\u00f3n e Innovaci\u00f3n Agroalimentaria y Agroambiental de la UMH\" \/>\n<meta property=\"og:description\" content=\"Training Situation of the agro-industrial sector. Production process and waste generation points. Characteristics of agro-industrial waste. Destinations of agro-industrial waste. Composting as a method of recycling agro-industrial waste. Evaluation of compost quality. Regulations on the quality of compost. Semi-presential Type III (independent part (online exam) + videoconference part (master classes) + face-to-face part (model demonstration [&hellip;]\" \/>\n<meta property=\"og:url\" content=\"https:\/\/ciagro.umh.es\/en\/services-to-companies\/training\/\" \/>\n<meta property=\"og:site_name\" content=\"Instituto de Investigaci\u00f3n e Innovaci\u00f3n Agroalimentaria y Agroambiental de la UMH\" \/>\n<meta property=\"article:modified_time\" content=\"2026-03-17T10:15:14+00:00\" \/>\n<meta property=\"og:image\" content=\"https:\/\/ciagro.umh.es\/files\/2022\/07\/modalidad.png\" \/>\n<meta name=\"twitter:card\" content=\"summary_large_image\" \/>\n<meta name=\"twitter:label1\" content=\"Est. reading time\" \/>\n\t<meta name=\"twitter:data1\" content=\"3 minutes\" \/>\n<script type=\"application\/ld+json\" class=\"yoast-schema-graph\">{\"@context\":\"https:\/\/schema.org\",\"@graph\":[{\"@type\":\"WebSite\",\"@id\":\"https:\/\/ciagro.umh.es\/#website\",\"url\":\"https:\/\/ciagro.umh.es\/\",\"name\":\"Instituto de Investigaci\\u00f3n e Innovaci\\u00f3n Agroalimentaria y Agroambiental de la UMH\",\"description\":\"Universidad Miguel Hern\\u00e1ndez de Elche\",\"potentialAction\":[{\"@type\":\"SearchAction\",\"target\":{\"@type\":\"EntryPoint\",\"urlTemplate\":\"https:\/\/ciagro.umh.es\/?s={search_term_string}\"},\"query-input\":\"required name=search_term_string\"}],\"inLanguage\":\"en-US\"},{\"@type\":\"ImageObject\",\"@id\":\"https:\/\/ciagro.umh.es\/en\/services-to-companies\/training\/#primaryimage\",\"inLanguage\":\"en-US\",\"url\":\"https:\/\/ciagro.umh.es\/files\/2022\/07\/modalidad.png\",\"contentUrl\":\"https:\/\/ciagro.umh.es\/files\/2022\/07\/modalidad.png\",\"width\":160,\"height\":160},{\"@type\":\"WebPage\",\"@id\":\"https:\/\/ciagro.umh.es\/en\/services-to-companies\/training\/#webpage\",\"url\":\"https:\/\/ciagro.umh.es\/en\/services-to-companies\/training\/\",\"name\":\"Training - Instituto de Investigaci\\u00f3n e Innovaci\\u00f3n Agroalimentaria y Agroambiental de la UMH\",\"isPartOf\":{\"@id\":\"https:\/\/ciagro.umh.es\/#website\"},\"primaryImageOfPage\":{\"@id\":\"https:\/\/ciagro.umh.es\/en\/services-to-companies\/training\/#primaryimage\"},\"datePublished\":\"2022-05-09T09:25:03+00:00\",\"dateModified\":\"2026-03-17T10:15:14+00:00\",\"breadcrumb\":{\"@id\":\"https:\/\/ciagro.umh.es\/en\/services-to-companies\/training\/#breadcrumb\"},\"inLanguage\":\"en-US\",\"potentialAction\":[{\"@type\":\"ReadAction\",\"target\":[\"https:\/\/ciagro.umh.es\/en\/services-to-companies\/training\/\"]}]},{\"@type\":\"BreadcrumbList\",\"@id\":\"https:\/\/ciagro.umh.es\/en\/services-to-companies\/training\/#breadcrumb\",\"itemListElement\":[{\"@type\":\"ListItem\",\"position\":1,\"name\":\"Portada\",\"item\":\"https:\/\/ciagro.umh.es\/en\/\"},{\"@type\":\"ListItem\",\"position\":2,\"name\":\"SERVICES TO COMPANIES\",\"item\":\"https:\/\/ciagro.umh.es\/en\/services-to-companies\/\"},{\"@type\":\"ListItem\",\"position\":3,\"name\":\"Training\"}]}]}<\/script>\n<!-- \/ Yoast SEO plugin. -->","yoast_head_json":{"title":"Training - Instituto de Investigaci\u00f3n e Innovaci\u00f3n Agroalimentaria y Agroambiental de la UMH","robots":{"index":"index","follow":"follow","max-snippet":"max-snippet:-1","max-image-preview":"max-image-preview:large","max-video-preview":"max-video-preview:-1"},"canonical":"https:\/\/ciagro.umh.es\/en\/services-to-companies\/training\/","og_locale":"en_US","og_type":"article","og_title":"Training - Instituto de Investigaci\u00f3n e Innovaci\u00f3n Agroalimentaria y Agroambiental de la UMH","og_description":"Training Situation of the agro-industrial sector. Production process and waste generation points. Characteristics of agro-industrial waste. Destinations of agro-industrial waste. Composting as a method of recycling agro-industrial waste. Evaluation of compost quality. Regulations on the quality of compost. Semi-presential Type III (independent part (online exam) + videoconference part (master classes) + face-to-face part (model demonstration [&hellip;]","og_url":"https:\/\/ciagro.umh.es\/en\/services-to-companies\/training\/","og_site_name":"Instituto de Investigaci\u00f3n e Innovaci\u00f3n Agroalimentaria y Agroambiental de la UMH","article_modified_time":"2026-03-17T10:15:14+00:00","og_image":[{"url":"https:\/\/ciagro.umh.es\/files\/2022\/07\/modalidad.png"}],"twitter_card":"summary_large_image","twitter_misc":{"Est. reading time":"3 minutes"},"schema":{"@context":"https:\/\/schema.org","@graph":[{"@type":"WebSite","@id":"https:\/\/ciagro.umh.es\/#website","url":"https:\/\/ciagro.umh.es\/","name":"Instituto de Investigaci\u00f3n e Innovaci\u00f3n Agroalimentaria y Agroambiental de la UMH","description":"Universidad Miguel Hern\u00e1ndez de Elche","potentialAction":[{"@type":"SearchAction","target":{"@type":"EntryPoint","urlTemplate":"https:\/\/ciagro.umh.es\/?s={search_term_string}"},"query-input":"required name=search_term_string"}],"inLanguage":"en-US"},{"@type":"ImageObject","@id":"https:\/\/ciagro.umh.es\/en\/services-to-companies\/training\/#primaryimage","inLanguage":"en-US","url":"https:\/\/ciagro.umh.es\/files\/2022\/07\/modalidad.png","contentUrl":"https:\/\/ciagro.umh.es\/files\/2022\/07\/modalidad.png","width":160,"height":160},{"@type":"WebPage","@id":"https:\/\/ciagro.umh.es\/en\/services-to-companies\/training\/#webpage","url":"https:\/\/ciagro.umh.es\/en\/services-to-companies\/training\/","name":"Training - Instituto de Investigaci\u00f3n e Innovaci\u00f3n Agroalimentaria y Agroambiental de la UMH","isPartOf":{"@id":"https:\/\/ciagro.umh.es\/#website"},"primaryImageOfPage":{"@id":"https:\/\/ciagro.umh.es\/en\/services-to-companies\/training\/#primaryimage"},"datePublished":"2022-05-09T09:25:03+00:00","dateModified":"2026-03-17T10:15:14+00:00","breadcrumb":{"@id":"https:\/\/ciagro.umh.es\/en\/services-to-companies\/training\/#breadcrumb"},"inLanguage":"en-US","potentialAction":[{"@type":"ReadAction","target":["https:\/\/ciagro.umh.es\/en\/services-to-companies\/training\/"]}]},{"@type":"BreadcrumbList","@id":"https:\/\/ciagro.umh.es\/en\/services-to-companies\/training\/#breadcrumb","itemListElement":[{"@type":"ListItem","position":1,"name":"Portada","item":"https:\/\/ciagro.umh.es\/en\/"},{"@type":"ListItem","position":2,"name":"SERVICES TO COMPANIES","item":"https:\/\/ciagro.umh.es\/en\/services-to-companies\/"},{"@type":"ListItem","position":3,"name":"Training"}]}]}},"_links":{"self":[{"href":"https:\/\/ciagro.umh.es\/en\/wp-json\/wp\/v2\/pages\/6518"}],"collection":[{"href":"https:\/\/ciagro.umh.es\/en\/wp-json\/wp\/v2\/pages"}],"about":[{"href":"https:\/\/ciagro.umh.es\/en\/wp-json\/wp\/v2\/types\/page"}],"author":[{"embeddable":true,"href":"https:\/\/ciagro.umh.es\/en\/wp-json\/wp\/v2\/users\/6497"}],"replies":[{"embeddable":true,"href":"https:\/\/ciagro.umh.es\/en\/wp-json\/wp\/v2\/comments?post=6518"}],"version-history":[{"count":0,"href":"https:\/\/ciagro.umh.es\/en\/wp-json\/wp\/v2\/pages\/6518\/revisions"}],"up":[{"embeddable":true,"href":"https:\/\/ciagro.umh.es\/en\/wp-json\/wp\/v2\/pages\/6536"}],"wp:attachment":[{"href":"https:\/\/ciagro.umh.es\/en\/wp-json\/wp\/v2\/media?parent=6518"}],"curies":[{"name":"wp","href":"https:\/\/api.w.org\/{rel}","templated":true}]}}