{"id":6455,"date":"2022-06-27T11:43:32","date_gmt":"2022-06-27T09:43:32","guid":{"rendered":"https:\/\/ciagro.umh.es\/investigation\/memoria-anual\/"},"modified":"2026-03-12T14:50:43","modified_gmt":"2026-03-12T13:50:43","slug":"memoria-anual","status":"publish","type":"page","link":"https:\/\/ciagro.umh.es\/en\/investigation\/memoria-anual\/","title":{"rendered":"Annual report"},"content":{"rendered":"<p>[et_pb_section fb_built=&#8221;1&#8243; _builder_version=&#8221;4.16&#8243; global_colors_info=&#8221;{}&#8221;][et_pb_row _builder_version=&#8221;4.16&#8243; background_color=&#8221;rgba(194,232,92,0.45)&#8221; max_width=&#8221;1115px&#8221; custom_margin=&#8221;0px|auto|-13px|auto|false|false&#8221; custom_padding=&#8221;5px|15px|0px|15px|false|true&#8221; locked=&#8221;off&#8221; global_colors_info=&#8221;{}&#8221;][et_pb_column type=&#8221;4_4&#8243; _builder_version=&#8221;4.16&#8243; global_colors_info=&#8221;{}&#8221;][et_pb_text _builder_version=&#8221;4.17.4&#8243; _dynamic_attributes=&#8221;content&#8221; text_font=&#8221;||||||||&#8221; text_text_color=&#8221;rgba(62,24,24,0.73)&#8221; text_font_size=&#8221;28px&#8221; text_line_height=&#8221;1.8em&#8221; background_layout=&#8221;dark&#8221; width=&#8221;100%&#8221; max_width=&#8221;100%&#8221; custom_margin=&#8221;5px|5px|5px|5px|false|false&#8221; custom_padding=&#8221;17px|20px|14px|20px|false|true&#8221; hover_enabled=&#8221;0&#8243; text_font_size_tablet=&#8221;&#8221; text_font_size_phone=&#8221;25px&#8221; text_font_size_last_edited=&#8221;on|phone&#8221; text_orientation_tablet=&#8221;&#8221; text_orientation_phone=&#8221;center&#8221; text_orientation_last_edited=&#8221;on|phone&#8221; global_colors_info=&#8221;{}&#8221; sticky_enabled=&#8221;0&#8243;]@ET-DC@eyJkeW5hbWljIjp0cnVlLCJjb250ZW50IjoicG9zdF90aXRsZSIsInNldHRpbmdzIjp7ImJlZm9yZSI6IiIsImFmdGVyIjoiIn19@[\/et_pb_text][et_pb_text _builder_version=&#8221;4.17.4&#8243; _module_preset=&#8221;default&#8221; hover_enabled=&#8221;0&#8243; global_colors_info=&#8221;{}&#8221; sticky_enabled=&#8221;0&#8243;]<strong>\u00a0 ANNUAL REPORT 2022<\/strong><\/p>\n<p>E-book version (<a href=\"https:\/\/innovacionumh.es\/ciagro\/2022\/\">https:\/\/innovacionumh.es\/ciagro\/2022\/<\/a>)<\/p>\n<p>PDF version (<a href=\"https:\/\/ciagro.umh.es\/files\/2023\/10\/CIAGRO2022.pdf\">https:\/\/ciagro.umh.es\/files\/2023\/10\/CIAGRO2022.pdf<\/a>)[\/et_pb_text][\/et_pb_column][\/et_pb_row][\/et_pb_section][et_pb_section fb_built=&#8221;1&#8243; disabled_on=&#8221;off|off|off&#8221; _builder_version=&#8221;4.17.4&#8243; custom_padding=&#8221;0px|0px||||&#8221; locked=&#8221;off&#8221; global_colors_info=&#8221;{}&#8221;][et_pb_row column_structure=&#8221;1_3,1_3,1_3&#8243; disabled_on=&#8221;off|off|off&#8221; _builder_version=&#8221;4.17.4&#8243; width=&#8221;90%&#8221; max_width=&#8221;2560px&#8221; custom_margin=&#8221;|auto||11px||&#8221; custom_padding=&#8221;|||0px||&#8221; global_colors_info=&#8221;{}&#8221;][et_pb_column type=&#8221;1_3&#8243; _builder_version=&#8221;4.16&#8243; global_colors_info=&#8221;{}&#8221;][et_pb_image src=&#8221;https:\/\/ciagro.umh.es\/files\/2023\/11\/Portada_Memoria_CIAGRO2022_page-0001.jpg&#8221; title_text=&#8221;Portada_Memoria_CIAGRO2022_page-0001&#8243; url=&#8221;https:\/\/innovacionumh.es\/ciagro\/2022\/&#8221; url_new_window=&#8221;on&#8221; _builder_version=&#8221;4.17.4&#8243; width=&#8221;61.6%&#8221; custom_margin=&#8221;|226px||||&#8221; custom_padding=&#8221;|||42px||&#8221; global_colors_info=&#8221;{}&#8221;][\/et_pb_image][\/et_pb_column][et_pb_column type=&#8221;1_3&#8243; _builder_version=&#8221;4.16&#8243; global_colors_info=&#8221;{}&#8221;][et_pb_image src=&#8221;https:\/\/ciagro.umh.es\/files\/2023\/11\/Articulos-JCR.jpg&#8221; title_text=&#8221;Art\u00edculos JCR&#8221; _builder_version=&#8221;4.17.4&#8243; custom_margin=&#8221;|157px|75px|-216px||&#8221; custom_padding=&#8221;|66px||||&#8221; global_colors_info=&#8221;{}&#8221;][\/et_pb_image][et_pb_text _builder_version=&#8221;4.17.4&#8243; width=&#8221;95%&#8221; custom_margin=&#8221;|-22px||-213px||&#8221; custom_padding=&#8221;2px|0px||||&#8221; hover_enabled=&#8221;0&#8243; global_colors_info=&#8221;{}&#8221; sticky_enabled=&#8221;0&#8243;]The remaining publications consist of books and book chapters (68 publications). In addition, CIAGRO-UMH members have presented a total of 220 conference papers, 70 of which were international conferences and 150 national conferences.[\/et_pb_text][et_pb_image src=&#8221;https:\/\/ciagro.umh.es\/files\/2023\/11\/Financiacion-2022.jpg&#8221; title_text=&#8221;Financiaci\u00f3n 2022&#8243; _builder_version=&#8221;4.17.4&#8243; width=&#8221;99.6%&#8221; custom_margin=&#8221;|||-213px||&#8221; custom_padding=&#8221;52px|||||&#8221; global_colors_info=&#8221;{}&#8221;][\/et_pb_image][\/et_pb_column][et_pb_column type=&#8221;1_3&#8243; _builder_version=&#8221;4.16&#8243; global_colors_info=&#8221;{}&#8221;][et_pb_text _builder_version=&#8221;4.17.4&#8243; custom_margin=&#8221;|||-278px||&#8221; custom_padding=&#8221;80px||49px|0px||&#8221; hover_enabled=&#8221;0&#8243; global_colors_info=&#8221;{}&#8221; sticky_enabled=&#8221;0&#8243;]<\/p>\n<p>During 2022, CIAGRO-UMH researchers published a total of 155 JCR scientific articles, of which 102 were published in first quartile (Q1) journals, which represents slightly more than half of the published articles.<\/p>\n<p>[\/et_pb_text][et_pb_image src=&#8221;https:\/\/ciagro.umh.es\/files\/2023\/11\/Otras-publicaciones-y-congresos.jpg&#8221; title_text=&#8221;Otras publicaciones y congresos&#8221; _builder_version=&#8221;4.17.4&#8243; width=&#8221;110.6%&#8221; custom_margin=&#8221;38px|220px|63px|-263px||&#8221; custom_padding=&#8221;|||23px||&#8221; global_colors_info=&#8221;{}&#8221;][\/et_pb_image][et_pb_text _builder_version=&#8221;4.17.4&#8243; width=&#8221;100%&#8221; custom_margin=&#8221;-23px|-151px||-191px|false|false&#8221; custom_padding=&#8221;|0px||0px||&#8221; hover_enabled=&#8221;0&#8243; global_colors_info=&#8221;{}&#8221; sticky_enabled=&#8221;0&#8243;]Funding for all this research activity has been made possible through the participation of CIAGRO-UMH members in 81 competitive research projects and the signing of 86 contracts and agreements, under Article 83 of the Organic Law of Universities (LOU), with public and private entities. Total funding amounts to \u20ac5,112,087.18, of which \u20ac3,931,161 (79.6%) comes from research projects and \u20ac1,180,926 (23.1%) from technology support contracts and agreements. The comparison between the number of R&#038;D projects and contracts, which are split almost 50\/50, highlights the balance between the missions of CIAGRO-UMH: on the one hand, the importance of technology transfer and orientation towards solving the needs of society and the productive fabric of our environment, and on the other hand, research as a source of generating new knowledge <span style=\"font-size: 14px\">which will later be transferred, is not neglected.<\/span>[\/et_pb_text][\/et_pb_column][\/et_pb_row][et_pb_row column_structure=&#8221;1_3,1_3,1_3&#8243; disabled_on=&#8221;on|on|on&#8221; _builder_version=&#8221;4.17.4&#8243; width=&#8221;90%&#8221; max_width=&#8221;2560px&#8221; custom_margin=&#8221;|auto||11px||&#8221; custom_padding=&#8221;|||0px||&#8221; disabled=&#8221;on&#8221; global_colors_info=&#8221;{}&#8221;][et_pb_column type=&#8221;1_3&#8243; _builder_version=&#8221;4.16&#8243; global_colors_info=&#8221;{}&#8221;][et_pb_image src=&#8221;https:\/\/ciagro.umh.es\/files\/2022\/06\/Portada_Memoria_CIAGRO2021.jpg&#8221; url=&#8221;https:\/\/innovacionumh.es\/ciagro\/2021\/&#8221; url_new_window=&#8221;on&#8221; _builder_version=&#8221;4.16&#8243; width=&#8221;61.6%&#8221; custom_margin=&#8221;|226px||||&#8221; custom_padding=&#8221;|||42px||&#8221; global_colors_info=&#8221;{}&#8221;][\/et_pb_image][\/et_pb_column][et_pb_column type=&#8221;1_3&#8243; _builder_version=&#8221;4.16&#8243; global_colors_info=&#8221;{}&#8221;][et_pb_image src=&#8221;https:\/\/ciagro.umh.es\/files\/2022\/06\/grafica1-memoria-2021.png&#8221; _builder_version=&#8221;4.16&#8243; custom_margin=&#8221;|157px|75px|-216px||&#8221; custom_padding=&#8221;|66px||||&#8221; global_colors_info=&#8221;{}&#8221;][\/et_pb_image][et_pb_text _builder_version=&#8221;4.16&#8243; width=&#8221;95%&#8221; custom_margin=&#8221;|-22px||-213px||&#8221; custom_padding=&#8221;2px|0px||||&#8221; global_colors_info=&#8221;{}&#8221;]<\/p>\n<p>El resto de publicaciones lo componen los libros y cap\u00edtulos de libro (46 publicaciones), as\u00ed como otros documentos cient\u00edficos y t\u00e9cnicos (40 publicaciones). Adem\u00e1s, los miembros del CIAGRO-UMH presentan un total de 189 contribuciones a congresos, de los cuales 38 han sido congresos internacionales, y 151 congresos nacionales.<\/p>\n<p>[\/et_pb_text][et_pb_image src=&#8221;https:\/\/ciagro.umh.es\/files\/2022\/06\/grafica3-memoria-2021.png&#8221; _builder_version=&#8221;4.16&#8243; width=&#8221;99.6%&#8221; custom_margin=&#8221;|||-213px||&#8221; custom_padding=&#8221;52px|||||&#8221; global_colors_info=&#8221;{}&#8221;][\/et_pb_image][\/et_pb_column][et_pb_column type=&#8221;1_3&#8243; _builder_version=&#8221;4.16&#8243; global_colors_info=&#8221;{}&#8221;][et_pb_text _builder_version=&#8221;4.16&#8243; custom_margin=&#8221;|||-278px||&#8221; custom_padding=&#8221;80px||49px|0px||&#8221; global_colors_info=&#8221;{}&#8221;]<\/p>\n<p>Durante el a\u00f1o 2021 los investigadores del CIAGRO-UMH han publicado un total de 164<br \/> art\u00edculos cient\u00edficos JCR, de los cuales 84 han sido publicados en revistas del primer<br \/> cuartil (Q1), lo que supone algo m\u00e1s de la mitad de los art\u00edculos publicados.<\/p>\n<p>[\/et_pb_text][et_pb_image src=&#8221;https:\/\/ciagro.umh.es\/files\/2022\/06\/grafica2-memoria-2021.png&#8221; _builder_version=&#8221;4.16&#8243; width=&#8221;110.6%&#8221; custom_margin=&#8221;38px|220px|63px|-263px||&#8221; custom_padding=&#8221;|||23px||&#8221; global_colors_info=&#8221;{}&#8221;][\/et_pb_image][et_pb_text _builder_version=&#8221;4.16&#8243; width=&#8221;100%&#8221; custom_margin=&#8221;-23px|-151px||-191px|false|false&#8221; custom_padding=&#8221;|0px||0px||&#8221; global_colors_info=&#8221;{}&#8221;]<\/p>\n<p>\u00a0La financiaci\u00f3n de toda esta actividad investigadora se ha realizado gracias a la participaci\u00f3n de los miembros del CIAGRO-UMH en 91 proyectos de investigaci\u00f3n de convocatorias competitivas y a la firma de 86 contratos y convenios, al amparo del Art.83 de la Ley Org\u00e1nica de Universidades (LOU), con entidades p\u00fablicas y privadas. El total de la financiaci\u00f3n asciende a 2.146.183,60 \u20ac, de los cuales 1.335.000 \u20ac (62%) provienen de los proyectos de investigaci\u00f3n y 812.000 \u20ac (38%) provienen de los contratos y convenios de apoyo tecnol\u00f3gico. Tanto la comparaci\u00f3n entre n\u00famero de proyectos de I+D y de contratos, que est\u00e1n repartidos casi al 50%, como la comparaci\u00f3n entre ingresos por cada tipo de fuente de financiaci\u00f3n, ponen de manifiesto el equilibrio entre las misiones del CIAGRO-UMH: por una parte, la importancia de la transferencia y de la orientaci\u00f3n tecnol\u00f3gica hacia la resoluci\u00f3n de las necesidades de la sociedad y del tejido productivo de nuestro entorno, y por otra parte, no se deja\u00a0<span style=\"font-size: 14px\">de lado la investigaci\u00f3n como fuente de generaci\u00f3n de nuevo conocimiento, que posteriormente ser\u00e1 transferido.<\/span><\/p>\n<p>[\/et_pb_text][\/et_pb_column][\/et_pb_row][\/et_pb_section]<\/p>\n","protected":false},"excerpt":{"rendered":"<p>\u00a0 ANNUAL REPORT 2022 E-book version (https:\/\/innovacionumh.es\/ciagro\/2022\/) PDF version (https:\/\/ciagro.umh.es\/files\/2023\/10\/CIAGRO2022.pdf)The remaining publications consist of books and book chapters (68 publications). In addition, CIAGRO-UMH members have presented a total of 220 conference papers, 70 of which were international conferences and 150 national conferences.During 2022, CIAGRO-UMH researchers published a total of 155 JCR scientific articles, of which [&hellip;]<\/p>\n","protected":false},"author":6497,"featured_media":0,"parent":6407,"menu_order":0,"comment_status":"closed","ping_status":"closed","template":"","meta":{"_et_pb_use_builder":"on","_et_pb_old_content":"<p><a href=\"https:\/\/innovacionumh.es\/ciagro\/2021\/\" target=\"_blank\" rel=\"noopener\">ACCEDE PINCHANDO AQU\u00cd<\/a><\/p>","_et_gb_content_width":"","_links_to":"","_links_to_target":""},"yoast_head":"<!-- This site is optimized with the Yoast SEO plugin v17.5 - https:\/\/yoast.com\/wordpress\/plugins\/seo\/ -->\n<title>Annual report - Instituto de Investigaci\u00f3n e Innovaci\u00f3n Agroalimentaria y Agroambiental de la UMH<\/title>\n<meta name=\"robots\" content=\"index, follow, max-snippet:-1, max-image-preview:large, max-video-preview:-1\" \/>\n<link rel=\"canonical\" href=\"https:\/\/ciagro.umh.es\/en\/investigation\/memoria-anual\/\" \/>\n<meta property=\"og:locale\" content=\"en_US\" \/>\n<meta property=\"og:type\" content=\"article\" \/>\n<meta property=\"og:title\" content=\"Annual report - Instituto de Investigaci\u00f3n e Innovaci\u00f3n Agroalimentaria y Agroambiental de la UMH\" \/>\n<meta property=\"og:description\" content=\"\u00a0 ANNUAL REPORT 2022 E-book version (https:\/\/innovacionumh.es\/ciagro\/2022\/) PDF version (https:\/\/ciagro.umh.es\/files\/2023\/10\/CIAGRO2022.pdf)The remaining publications consist of books and book chapters (68 publications). In addition, CIAGRO-UMH members have presented a total of 220 conference papers, 70 of which were international conferences and 150 national conferences.During 2022, CIAGRO-UMH researchers published a total of 155 JCR scientific articles, of which [&hellip;]\" \/>\n<meta property=\"og:url\" content=\"https:\/\/ciagro.umh.es\/en\/investigation\/memoria-anual\/\" \/>\n<meta property=\"og:site_name\" content=\"Instituto de Investigaci\u00f3n e Innovaci\u00f3n Agroalimentaria y Agroambiental de la UMH\" \/>\n<meta property=\"article:modified_time\" content=\"2026-03-12T13:50:43+00:00\" \/>\n<meta name=\"twitter:card\" content=\"summary_large_image\" \/>\n<meta name=\"twitter:label1\" content=\"Est. reading time\" \/>\n\t<meta name=\"twitter:data1\" content=\"6 minutes\" \/>\n<script type=\"application\/ld+json\" class=\"yoast-schema-graph\">{\"@context\":\"https:\/\/schema.org\",\"@graph\":[{\"@type\":\"WebSite\",\"@id\":\"https:\/\/ciagro.umh.es\/#website\",\"url\":\"https:\/\/ciagro.umh.es\/\",\"name\":\"Instituto de Investigaci\\u00f3n e Innovaci\\u00f3n Agroalimentaria y Agroambiental de la UMH\",\"description\":\"Universidad Miguel Hern\\u00e1ndez de Elche\",\"potentialAction\":[{\"@type\":\"SearchAction\",\"target\":{\"@type\":\"EntryPoint\",\"urlTemplate\":\"https:\/\/ciagro.umh.es\/?s={search_term_string}\"},\"query-input\":\"required name=search_term_string\"}],\"inLanguage\":\"en-US\"},{\"@type\":\"WebPage\",\"@id\":\"https:\/\/ciagro.umh.es\/en\/investigation\/memoria-anual\/#webpage\",\"url\":\"https:\/\/ciagro.umh.es\/en\/investigation\/memoria-anual\/\",\"name\":\"Annual report - Instituto de Investigaci\\u00f3n e Innovaci\\u00f3n Agroalimentaria y Agroambiental de la UMH\",\"isPartOf\":{\"@id\":\"https:\/\/ciagro.umh.es\/#website\"},\"datePublished\":\"2022-06-27T09:43:32+00:00\",\"dateModified\":\"2026-03-12T13:50:43+00:00\",\"breadcrumb\":{\"@id\":\"https:\/\/ciagro.umh.es\/en\/investigation\/memoria-anual\/#breadcrumb\"},\"inLanguage\":\"en-US\",\"potentialAction\":[{\"@type\":\"ReadAction\",\"target\":[\"https:\/\/ciagro.umh.es\/en\/investigation\/memoria-anual\/\"]}]},{\"@type\":\"BreadcrumbList\",\"@id\":\"https:\/\/ciagro.umh.es\/en\/investigation\/memoria-anual\/#breadcrumb\",\"itemListElement\":[{\"@type\":\"ListItem\",\"position\":1,\"name\":\"Portada\",\"item\":\"https:\/\/ciagro.umh.es\/en\/\"},{\"@type\":\"ListItem\",\"position\":2,\"name\":\"INVESTIGATION\",\"item\":\"https:\/\/ciagro.umh.es\/en\/investigation\/\"},{\"@type\":\"ListItem\",\"position\":3,\"name\":\"Annual report\"}]}]}<\/script>\n<!-- \/ Yoast SEO plugin. -->","yoast_head_json":{"title":"Annual report - Instituto de Investigaci\u00f3n e Innovaci\u00f3n Agroalimentaria y Agroambiental de la UMH","robots":{"index":"index","follow":"follow","max-snippet":"max-snippet:-1","max-image-preview":"max-image-preview:large","max-video-preview":"max-video-preview:-1"},"canonical":"https:\/\/ciagro.umh.es\/en\/investigation\/memoria-anual\/","og_locale":"en_US","og_type":"article","og_title":"Annual report - Instituto de Investigaci\u00f3n e Innovaci\u00f3n Agroalimentaria y Agroambiental de la UMH","og_description":"\u00a0 ANNUAL REPORT 2022 E-book version (https:\/\/innovacionumh.es\/ciagro\/2022\/) PDF version (https:\/\/ciagro.umh.es\/files\/2023\/10\/CIAGRO2022.pdf)The remaining publications consist of books and book chapters (68 publications). In addition, CIAGRO-UMH members have presented a total of 220 conference papers, 70 of which were international conferences and 150 national conferences.During 2022, CIAGRO-UMH researchers published a total of 155 JCR scientific articles, of which [&hellip;]","og_url":"https:\/\/ciagro.umh.es\/en\/investigation\/memoria-anual\/","og_site_name":"Instituto de Investigaci\u00f3n e Innovaci\u00f3n Agroalimentaria y Agroambiental de la UMH","article_modified_time":"2026-03-12T13:50:43+00:00","twitter_card":"summary_large_image","twitter_misc":{"Est. reading time":"6 minutes"},"schema":{"@context":"https:\/\/schema.org","@graph":[{"@type":"WebSite","@id":"https:\/\/ciagro.umh.es\/#website","url":"https:\/\/ciagro.umh.es\/","name":"Instituto de Investigaci\u00f3n e Innovaci\u00f3n Agroalimentaria y Agroambiental de la UMH","description":"Universidad Miguel Hern\u00e1ndez de Elche","potentialAction":[{"@type":"SearchAction","target":{"@type":"EntryPoint","urlTemplate":"https:\/\/ciagro.umh.es\/?s={search_term_string}"},"query-input":"required name=search_term_string"}],"inLanguage":"en-US"},{"@type":"WebPage","@id":"https:\/\/ciagro.umh.es\/en\/investigation\/memoria-anual\/#webpage","url":"https:\/\/ciagro.umh.es\/en\/investigation\/memoria-anual\/","name":"Annual report - Instituto de Investigaci\u00f3n e Innovaci\u00f3n Agroalimentaria y Agroambiental de la UMH","isPartOf":{"@id":"https:\/\/ciagro.umh.es\/#website"},"datePublished":"2022-06-27T09:43:32+00:00","dateModified":"2026-03-12T13:50:43+00:00","breadcrumb":{"@id":"https:\/\/ciagro.umh.es\/en\/investigation\/memoria-anual\/#breadcrumb"},"inLanguage":"en-US","potentialAction":[{"@type":"ReadAction","target":["https:\/\/ciagro.umh.es\/en\/investigation\/memoria-anual\/"]}]},{"@type":"BreadcrumbList","@id":"https:\/\/ciagro.umh.es\/en\/investigation\/memoria-anual\/#breadcrumb","itemListElement":[{"@type":"ListItem","position":1,"name":"Portada","item":"https:\/\/ciagro.umh.es\/en\/"},{"@type":"ListItem","position":2,"name":"INVESTIGATION","item":"https:\/\/ciagro.umh.es\/en\/investigation\/"},{"@type":"ListItem","position":3,"name":"Annual report"}]}]}},"_links":{"self":[{"href":"https:\/\/ciagro.umh.es\/en\/wp-json\/wp\/v2\/pages\/6455"}],"collection":[{"href":"https:\/\/ciagro.umh.es\/en\/wp-json\/wp\/v2\/pages"}],"about":[{"href":"https:\/\/ciagro.umh.es\/en\/wp-json\/wp\/v2\/types\/page"}],"author":[{"embeddable":true,"href":"https:\/\/ciagro.umh.es\/en\/wp-json\/wp\/v2\/users\/6497"}],"replies":[{"embeddable":true,"href":"https:\/\/ciagro.umh.es\/en\/wp-json\/wp\/v2\/comments?post=6455"}],"version-history":[{"count":0,"href":"https:\/\/ciagro.umh.es\/en\/wp-json\/wp\/v2\/pages\/6455\/revisions"}],"up":[{"embeddable":true,"href":"https:\/\/ciagro.umh.es\/en\/wp-json\/wp\/v2\/pages\/6407"}],"wp:attachment":[{"href":"https:\/\/ciagro.umh.es\/en\/wp-json\/wp\/v2\/media?parent=6455"}],"curies":[{"name":"wp","href":"https:\/\/api.w.org\/{rel}","templated":true}]}}