{"id":6434,"date":"2021-05-26T20:50:46","date_gmt":"2021-05-26T18:50:46","guid":{"rendered":"https:\/\/ciagro.umh.es\/investigation\/personal\/"},"modified":"2026-03-12T13:26:19","modified_gmt":"2026-03-12T12:26:19","slug":"personal","status":"publish","type":"page","link":"https:\/\/ciagro.umh.es\/en\/investigation\/personal\/","title":{"rendered":"Staff"},"content":{"rendered":"<p>[et_pb_section fb_built=&#8221;1&#8243; admin_label=&#8221;section&#8221; _builder_version=&#8221;4.16&#8243; global_colors_info=&#8221;{}&#8221;][et_pb_row admin_label=&#8221;row&#8221; _builder_version=&#8221;4.16&#8243; background_size=&#8221;initial&#8221; background_position=&#8221;top_left&#8221; background_repeat=&#8221;repeat&#8221; global_colors_info=&#8221;{}&#8221;][et_pb_column type=&#8221;4_4&#8243; _builder_version=&#8221;4.16&#8243; custom_padding=&#8221;|||&#8221; global_colors_info=&#8221;{}&#8221; custom_padding__hover=&#8221;|||&#8221;][et_pb_text _builder_version=&#8221;4.17.4&#8243; header_font_size=&#8221;28px&#8221; hover_enabled=&#8221;0&#8243; header_font_size_tablet=&#8221;&#8221; header_font_size_phone=&#8221;25px&#8221; header_font_size_last_edited=&#8221;on|phone&#8221; global_colors_info=&#8221;{}&#8221; sticky_enabled=&#8221;0&#8243;]<\/p>\n<h1>Staff<\/h1>\n<p>[\/et_pb_text][et_pb_text admin_label=&#8221;Text&#8221; _builder_version=&#8221;4.17.4&#8243; background_size=&#8221;initial&#8221; background_position=&#8221;top_left&#8221; background_repeat=&#8221;repeat&#8221; hover_enabled=&#8221;0&#8243; global_colors_info=&#8221;{}&#8221; sticky_enabled=&#8221;0&#8243;]<!--:es-->Over the past five years, researchers at the UMH&#8217;s CIAGRO research center have participated in 18 international research projects, 85 national projects, 205 research contracts with companies and government agencies, and published more than 700 scientific articles in high-impact journals. In this regard, Stanford University (USA) recently published a study ranking 20 UMH researchers among the most cited in the world, eight of whom are members of CIAGRO, whose work focuses on development and innovation in the agri-food chain.<\/p>\n<p><img loading=\"lazy\" class=\"alignnone wp-image-135\" style=\"margin-left: auto; margin-right: auto;\" src=\"https:\/\/ciagro.umh.es\/files\/2021\/05\/image002.png\" alt=\"\" width=\"635\" height=\"362\" srcset=\"https:\/\/ciagro.umh.es\/files\/2021\/05\/image002.png 963w, https:\/\/ciagro.umh.es\/files\/2021\/05\/image002-300x171.png 300w, https:\/\/ciagro.umh.es\/files\/2021\/05\/image002-768x439.png 768w\" sizes=\"(max-width: 635px) 100vw, 635px\" \/><\/p>\n<p style=\"text-align: center;\"><em>The figure represents the number of teaching and research staff members of the Institute according to professional category<\/em><!--:--><\/p>\n<p>[\/et_pb_text][\/et_pb_column][\/et_pb_row][\/et_pb_section]<\/p>\n","protected":false},"excerpt":{"rendered":"<p>StaffOver the past five years, researchers at the UMH&#8217;s CIAGRO research center have participated in 18 international research projects, 85 national projects, 205 research contracts with companies and government agencies, and published more than 700 scientific articles in high-impact journals. In this regard, Stanford University (USA) recently published a study ranking 20 UMH researchers among [&hellip;]<\/p>\n","protected":false},"author":6351,"featured_media":0,"parent":6407,"menu_order":0,"comment_status":"closed","ping_status":"closed","template":"","meta":{"_et_pb_use_builder":"on","_et_pb_old_content":"<!--:es-->En los \u00faltimos 5 a\u00f1os, los investigadores del CIAGRO de la UMH han participado en 18 proyectos de investigaci\u00f3n internacionales, 85 nacionales, 205 contratos de investigaci\u00f3n con empresas y administraciones y m\u00e1s de 700 publicaciones cient\u00edficas en revistas de impacto. En este sentido, la Universidad de Stanford (EE.UU.) ha publicado recientemente un estudio que sit\u00faa a 20 investigadores de la UMH entre los m\u00e1s citados del mundo y, de estos, 8 son miembros del CIAGRO, cuya actividad se centra en el desarrollo e innovaci\u00f3n en la cadena agroalimentaria.\r\n\r\n<img class=\"alignnone wp-image-135\" src=\"https:\/\/ciagro.umh.es\/files\/2021\/05\/image002.png\" alt=\"\" width=\"635\" height=\"362\" \/>\r\n\r\n<em>La figura representa el n\u00famero de personas del personal docente e investigador del Centro seg\u00fan categor\u00eda<\/em><em> profesional<\/em><!--:-->","_et_gb_content_width":"","_links_to":"","_links_to_target":""},"yoast_head":"<!-- This site is optimized with the Yoast SEO plugin v17.5 - https:\/\/yoast.com\/wordpress\/plugins\/seo\/ -->\n<title>Staff - Instituto de Investigaci\u00f3n e Innovaci\u00f3n Agroalimentaria y Agroambiental de la UMH<\/title>\n<meta name=\"robots\" content=\"index, follow, max-snippet:-1, max-image-preview:large, max-video-preview:-1\" \/>\n<link rel=\"canonical\" href=\"https:\/\/ciagro.umh.es\/en\/investigation\/personal\/\" \/>\n<meta property=\"og:locale\" content=\"en_US\" \/>\n<meta property=\"og:type\" content=\"article\" \/>\n<meta property=\"og:title\" content=\"Staff - Instituto de Investigaci\u00f3n e Innovaci\u00f3n Agroalimentaria y Agroambiental de la UMH\" \/>\n<meta property=\"og:description\" content=\"StaffOver the past five years, researchers at the UMH&#039;s CIAGRO research center have participated in 18 international research projects, 85 national projects, 205 research contracts with companies and government agencies, and published more than 700 scientific articles in high-impact journals. In this regard, Stanford University (USA) recently published a study ranking 20 UMH researchers among [&hellip;]\" \/>\n<meta property=\"og:url\" content=\"https:\/\/ciagro.umh.es\/en\/investigation\/personal\/\" \/>\n<meta property=\"og:site_name\" content=\"Instituto de Investigaci\u00f3n e Innovaci\u00f3n Agroalimentaria y Agroambiental de la UMH\" \/>\n<meta property=\"article:modified_time\" content=\"2026-03-12T12:26:19+00:00\" \/>\n<meta property=\"og:image\" content=\"https:\/\/ciagro.umh.es\/files\/2021\/05\/image002.png\" \/>\n<meta name=\"twitter:card\" content=\"summary_large_image\" \/>\n<meta name=\"twitter:label1\" content=\"Est. reading time\" \/>\n\t<meta name=\"twitter:data1\" content=\"1 minute\" \/>\n<script type=\"application\/ld+json\" class=\"yoast-schema-graph\">{\"@context\":\"https:\/\/schema.org\",\"@graph\":[{\"@type\":\"WebSite\",\"@id\":\"https:\/\/ciagro.umh.es\/#website\",\"url\":\"https:\/\/ciagro.umh.es\/\",\"name\":\"Instituto de Investigaci\\u00f3n e Innovaci\\u00f3n Agroalimentaria y Agroambiental de la UMH\",\"description\":\"Universidad Miguel Hern\\u00e1ndez de Elche\",\"potentialAction\":[{\"@type\":\"SearchAction\",\"target\":{\"@type\":\"EntryPoint\",\"urlTemplate\":\"https:\/\/ciagro.umh.es\/?s={search_term_string}\"},\"query-input\":\"required name=search_term_string\"}],\"inLanguage\":\"en-US\"},{\"@type\":\"ImageObject\",\"@id\":\"https:\/\/ciagro.umh.es\/en\/investigation\/personal\/#primaryimage\",\"inLanguage\":\"en-US\",\"url\":\"https:\/\/ciagro.umh.es\/files\/2021\/05\/image002.png\",\"contentUrl\":\"https:\/\/ciagro.umh.es\/files\/2021\/05\/image002.png\",\"width\":963,\"height\":550},{\"@type\":\"WebPage\",\"@id\":\"https:\/\/ciagro.umh.es\/en\/investigation\/personal\/#webpage\",\"url\":\"https:\/\/ciagro.umh.es\/en\/investigation\/personal\/\",\"name\":\"Staff - Instituto de Investigaci\\u00f3n e Innovaci\\u00f3n Agroalimentaria y Agroambiental de la UMH\",\"isPartOf\":{\"@id\":\"https:\/\/ciagro.umh.es\/#website\"},\"primaryImageOfPage\":{\"@id\":\"https:\/\/ciagro.umh.es\/en\/investigation\/personal\/#primaryimage\"},\"datePublished\":\"2021-05-26T18:50:46+00:00\",\"dateModified\":\"2026-03-12T12:26:19+00:00\",\"breadcrumb\":{\"@id\":\"https:\/\/ciagro.umh.es\/en\/investigation\/personal\/#breadcrumb\"},\"inLanguage\":\"en-US\",\"potentialAction\":[{\"@type\":\"ReadAction\",\"target\":[\"https:\/\/ciagro.umh.es\/en\/investigation\/personal\/\"]}]},{\"@type\":\"BreadcrumbList\",\"@id\":\"https:\/\/ciagro.umh.es\/en\/investigation\/personal\/#breadcrumb\",\"itemListElement\":[{\"@type\":\"ListItem\",\"position\":1,\"name\":\"Portada\",\"item\":\"https:\/\/ciagro.umh.es\/en\/\"},{\"@type\":\"ListItem\",\"position\":2,\"name\":\"INVESTIGATION\",\"item\":\"https:\/\/ciagro.umh.es\/en\/investigation\/\"},{\"@type\":\"ListItem\",\"position\":3,\"name\":\"Staff\"}]}]}<\/script>\n<!-- \/ Yoast SEO plugin. -->","yoast_head_json":{"title":"Staff - Instituto de Investigaci\u00f3n e Innovaci\u00f3n Agroalimentaria y Agroambiental de la UMH","robots":{"index":"index","follow":"follow","max-snippet":"max-snippet:-1","max-image-preview":"max-image-preview:large","max-video-preview":"max-video-preview:-1"},"canonical":"https:\/\/ciagro.umh.es\/en\/investigation\/personal\/","og_locale":"en_US","og_type":"article","og_title":"Staff - Instituto de Investigaci\u00f3n e Innovaci\u00f3n Agroalimentaria y Agroambiental de la UMH","og_description":"StaffOver the past five years, researchers at the UMH's CIAGRO research center have participated in 18 international research projects, 85 national projects, 205 research contracts with companies and government agencies, and published more than 700 scientific articles in high-impact journals. In this regard, Stanford University (USA) recently published a study ranking 20 UMH researchers among [&hellip;]","og_url":"https:\/\/ciagro.umh.es\/en\/investigation\/personal\/","og_site_name":"Instituto de Investigaci\u00f3n e Innovaci\u00f3n Agroalimentaria y Agroambiental de la UMH","article_modified_time":"2026-03-12T12:26:19+00:00","og_image":[{"url":"https:\/\/ciagro.umh.es\/files\/2021\/05\/image002.png"}],"twitter_card":"summary_large_image","twitter_misc":{"Est. reading time":"1 minute"},"schema":{"@context":"https:\/\/schema.org","@graph":[{"@type":"WebSite","@id":"https:\/\/ciagro.umh.es\/#website","url":"https:\/\/ciagro.umh.es\/","name":"Instituto de Investigaci\u00f3n e Innovaci\u00f3n Agroalimentaria y Agroambiental de la UMH","description":"Universidad Miguel Hern\u00e1ndez de Elche","potentialAction":[{"@type":"SearchAction","target":{"@type":"EntryPoint","urlTemplate":"https:\/\/ciagro.umh.es\/?s={search_term_string}"},"query-input":"required name=search_term_string"}],"inLanguage":"en-US"},{"@type":"ImageObject","@id":"https:\/\/ciagro.umh.es\/en\/investigation\/personal\/#primaryimage","inLanguage":"en-US","url":"https:\/\/ciagro.umh.es\/files\/2021\/05\/image002.png","contentUrl":"https:\/\/ciagro.umh.es\/files\/2021\/05\/image002.png","width":963,"height":550},{"@type":"WebPage","@id":"https:\/\/ciagro.umh.es\/en\/investigation\/personal\/#webpage","url":"https:\/\/ciagro.umh.es\/en\/investigation\/personal\/","name":"Staff - Instituto de Investigaci\u00f3n e Innovaci\u00f3n Agroalimentaria y Agroambiental de la UMH","isPartOf":{"@id":"https:\/\/ciagro.umh.es\/#website"},"primaryImageOfPage":{"@id":"https:\/\/ciagro.umh.es\/en\/investigation\/personal\/#primaryimage"},"datePublished":"2021-05-26T18:50:46+00:00","dateModified":"2026-03-12T12:26:19+00:00","breadcrumb":{"@id":"https:\/\/ciagro.umh.es\/en\/investigation\/personal\/#breadcrumb"},"inLanguage":"en-US","potentialAction":[{"@type":"ReadAction","target":["https:\/\/ciagro.umh.es\/en\/investigation\/personal\/"]}]},{"@type":"BreadcrumbList","@id":"https:\/\/ciagro.umh.es\/en\/investigation\/personal\/#breadcrumb","itemListElement":[{"@type":"ListItem","position":1,"name":"Portada","item":"https:\/\/ciagro.umh.es\/en\/"},{"@type":"ListItem","position":2,"name":"INVESTIGATION","item":"https:\/\/ciagro.umh.es\/en\/investigation\/"},{"@type":"ListItem","position":3,"name":"Staff"}]}]}},"_links":{"self":[{"href":"https:\/\/ciagro.umh.es\/en\/wp-json\/wp\/v2\/pages\/6434"}],"collection":[{"href":"https:\/\/ciagro.umh.es\/en\/wp-json\/wp\/v2\/pages"}],"about":[{"href":"https:\/\/ciagro.umh.es\/en\/wp-json\/wp\/v2\/types\/page"}],"author":[{"embeddable":true,"href":"https:\/\/ciagro.umh.es\/en\/wp-json\/wp\/v2\/users\/6351"}],"replies":[{"embeddable":true,"href":"https:\/\/ciagro.umh.es\/en\/wp-json\/wp\/v2\/comments?post=6434"}],"version-history":[{"count":0,"href":"https:\/\/ciagro.umh.es\/en\/wp-json\/wp\/v2\/pages\/6434\/revisions"}],"up":[{"embeddable":true,"href":"https:\/\/ciagro.umh.es\/en\/wp-json\/wp\/v2\/pages\/6407"}],"wp:attachment":[{"href":"https:\/\/ciagro.umh.es\/en\/wp-json\/wp\/v2\/media?parent=6434"}],"curies":[{"name":"wp","href":"https:\/\/api.w.org\/{rel}","templated":true}]}}