{"id":6422,"date":"2021-05-26T21:17:26","date_gmt":"2021-05-26T19:17:26","guid":{"rendered":"https:\/\/ciagro.umh.es\/investigation\/produccion-cientifica\/"},"modified":"2026-03-12T13:05:20","modified_gmt":"2026-03-12T12:05:20","slug":"produccion-cientifica","status":"publish","type":"page","link":"https:\/\/ciagro.umh.es\/en\/investigation\/produccion-cientifica\/","title":{"rendered":"Scientific Production"},"content":{"rendered":"<p>[et_pb_section fb_built=&#8221;1&#8243; _builder_version=&#8221;4.16&#8243; global_colors_info=&#8221;{}&#8221;][et_pb_row _builder_version=&#8221;4.16&#8243; background_size=&#8221;initial&#8221; background_position=&#8221;top_left&#8221; background_repeat=&#8221;repeat&#8221; global_colors_info=&#8221;{}&#8221;][et_pb_column type=&#8221;4_4&#8243; _builder_version=&#8221;4.16&#8243; custom_padding=&#8221;|||&#8221; global_colors_info=&#8221;{}&#8221; custom_padding__hover=&#8221;|||&#8221;][et_pb_text _builder_version=&#8221;4.17.4&#8243; header_font_size=&#8221;28px&#8221; hover_enabled=&#8221;0&#8243; header_font_size_tablet=&#8221;&#8221; header_font_size_phone=&#8221;25px&#8221; header_font_size_last_edited=&#8221;on|phone&#8221; global_colors_info=&#8221;{}&#8221; sticky_enabled=&#8221;0&#8243;]<\/p>\n<h1>Scientific Production<\/h1>\n<p>[\/et_pb_text][et_pb_text _builder_version=&#8221;4.17.4&#8243; background_size=&#8221;initial&#8221; background_position=&#8221;top_left&#8221; background_repeat=&#8221;repeat&#8221; hover_enabled=&#8221;0&#8243; global_colors_info=&#8221;{}&#8221; sticky_enabled=&#8221;0&#8243;]<\/p>\n<p><img loading=\"lazy\" class=\"alignnone size-full wp-image-147\" src=\"https:\/\/ciagro.umh.es\/files\/2021\/05\/image004.png\" alt=\"\" width=\"1302\" height=\"979\" srcset=\"https:\/\/ciagro.umh.es\/files\/2021\/05\/image004.png 1302w, https:\/\/ciagro.umh.es\/files\/2021\/05\/image004-300x226.png 300w, https:\/\/ciagro.umh.es\/files\/2021\/05\/image004-768x577.png 768w, https:\/\/ciagro.umh.es\/files\/2021\/05\/image004-1024x770.png 1024w\" sizes=\"(max-width: 1302px) 100vw, 1302px\" \/><\/p>\n<p><em>Scientific articles published during the last 5 years in journals indexed in the JCR, with Senior Research Staff as authors. Articles with more than one Senior Research Staff author from the Institute are counted only once.<\/em><\/p>\n<p>Considering that the CIAGRO-UMH Senior Research Staff consists of 66 people, the scientific output reaches an average of just <strong>over 11 scientific articles indexed in the JCR per person .<\/strong>.<\/p>\n<p>If we consider the 12 research groups that make up the Institute, the average is <strong>higher than 61 scientific articles indexed in the JCR per research group. <\/strong><\/p>\n<p><img loading=\"lazy\" class=\"alignnone size-full wp-image-150\" src=\"https:\/\/ciagro.umh.es\/files\/2021\/05\/image002-2.png\" alt=\"\" width=\"1314\" height=\"850\" srcset=\"https:\/\/ciagro.umh.es\/files\/2021\/05\/image002-2.png 1314w, https:\/\/ciagro.umh.es\/files\/2021\/05\/image002-2-300x194.png 300w, https:\/\/ciagro.umh.es\/files\/2021\/05\/image002-2-768x497.png 768w, https:\/\/ciagro.umh.es\/files\/2021\/05\/image002-2-1024x662.png 1024w\" sizes=\"(max-width: 1314px) 100vw, 1314px\" \/><\/p>\n<p><em>Other publications co-authored by CIAGRO-UMH Senior Research Staff published during the last 5 years. Articles with more than one author from the Institute&#8217;s Senior Research Staff are counted only once.<\/em><\/p>\n<p>As in the previous analysis, if these data refer to <strong>Senior Research Staff<\/strong>,  an average of <strong>2 books\/book chapters per person<\/strong> is obtained for the indicated period. Regarding conferences, the Institute&#8217;s Senior Research Staff participated in an average of almost<strong> 8 conferences per person<\/strong> in total, with a greater presence at <strong>international conferences<\/strong> almost<strong> 5 per person<\/strong>, or <strong>1 per year <\/strong> during the period considered than at national conferences slightly more than 3 per person.<\/p>\n<p>[\/et_pb_text][\/et_pb_column][\/et_pb_row][\/et_pb_section]<\/p>\n","protected":false},"excerpt":{"rendered":"<p>Scientific Production Scientific articles published during the last 5 years in journals indexed in the JCR, with Senior Research Staff as authors. Articles with more than one Senior Research Staff author from the Institute are counted only once. Considering that the CIAGRO-UMH Senior Research Staff consists of 66 people, the scientific output reaches an average [&hellip;]<\/p>\n","protected":false},"author":6351,"featured_media":0,"parent":6407,"menu_order":0,"comment_status":"closed","ping_status":"closed","template":"","meta":{"_et_pb_use_builder":"on","_et_pb_old_content":"<p><img class=\"alignnone size-full wp-image-147\" src=\"https:\/\/ciagro.umh.es\/files\/2021\/05\/image004.png\" alt=\"\" width=\"1302\" height=\"979\" \/><\/p><p><em>Art\u00edculos cient\u00edficos publicados durante los \u00faltimos 5 a\u00f1os en revistas recogidas en el JCR, con Personal Investigador Titular como autores\/as. Art\u00edculos en los que aparecen m\u00e1s de un\/a autor\/a del Personal Investigador Titular del Centro, se cuentan una sola vez.<\/em><\/p><p>Si se tiene en cuenta que el Personal Investigador Titular del CIAGRO-UMH lo componen 66 personas, la producci\u00f3n cient\u00edfica alcanza una media de algo <strong>m\u00e1s de 11 art\u00edculos cient\u00edficos indexados en el JCR por persona<\/strong>.<\/p><p>Si se atiende a los 12 grupos de investigaci\u00f3n que componen el Centro, la media es <strong>superior a los 61 art\u00edculos cient\u00edficos indexados en el JCR por grupo de investigaci\u00f3n.<\/strong><\/p><p><img class=\"alignnone size-full wp-image-150\" src=\"https:\/\/ciagro.umh.es\/files\/2021\/05\/image002-2.png\" alt=\"\" width=\"1314\" height=\"850\" \/><\/p><p><em>Otras publicaciones participadas por el Personal Investigador Titular del CIAGRO-UMH publicados durante los \u00faltimos 5 a\u00f1os. Art\u00edculos en los que aparecen m\u00e1s de un\/a autor\/a del Personal Investigador Titular del Centro, se cuentan una sola vez.<\/em><\/p><p>Al igual que en el an\u00e1lisis anterior, si se refieren estos datos al <strong>Personal Investigador Titular<\/strong>, se obtiene una media de <strong>2 libros\/cap\u00edtulos de libro por persona<\/strong> para el periodo indicado. En cuanto a los congresos el Personal Investigador Titular del Centro ha participado en una media de casi<strong> 8 congresos por persona<\/strong> en total, con mayor presencia en <strong>congresos internacionales<\/strong> con casi<strong> 5 por persona<\/strong>, es decir <strong>1 por a\u00f1o<\/strong> en el periodo considerado, que en congresos nacionales con algo m\u00e1s de 3 por persona.<\/p>","_et_gb_content_width":"","_links_to":"","_links_to_target":""},"yoast_head":"<!-- This site is optimized with the Yoast SEO plugin v17.5 - https:\/\/yoast.com\/wordpress\/plugins\/seo\/ -->\n<title>Scientific Production - Instituto de Investigaci\u00f3n e Innovaci\u00f3n Agroalimentaria y Agroambiental de la UMH<\/title>\n<meta name=\"robots\" content=\"index, follow, max-snippet:-1, max-image-preview:large, max-video-preview:-1\" \/>\n<link rel=\"canonical\" href=\"https:\/\/ciagro.umh.es\/en\/investigation\/produccion-cientifica\/\" \/>\n<meta property=\"og:locale\" content=\"en_US\" \/>\n<meta property=\"og:type\" content=\"article\" \/>\n<meta property=\"og:title\" content=\"Scientific Production - Instituto de Investigaci\u00f3n e Innovaci\u00f3n Agroalimentaria y Agroambiental de la UMH\" \/>\n<meta property=\"og:description\" content=\"Scientific Production Scientific articles published during the last 5 years in journals indexed in the JCR, with Senior Research Staff as authors. Articles with more than one Senior Research Staff author from the Institute are counted only once. Considering that the CIAGRO-UMH Senior Research Staff consists of 66 people, the scientific output reaches an average [&hellip;]\" \/>\n<meta property=\"og:url\" content=\"https:\/\/ciagro.umh.es\/en\/investigation\/produccion-cientifica\/\" \/>\n<meta property=\"og:site_name\" content=\"Instituto de Investigaci\u00f3n e Innovaci\u00f3n Agroalimentaria y Agroambiental de la UMH\" \/>\n<meta property=\"article:modified_time\" content=\"2026-03-12T12:05:20+00:00\" \/>\n<meta property=\"og:image\" content=\"https:\/\/ciagro.umh.es\/files\/2021\/05\/image004.png\" \/>\n<meta name=\"twitter:card\" content=\"summary_large_image\" \/>\n<meta name=\"twitter:label1\" content=\"Est. reading time\" \/>\n\t<meta name=\"twitter:data1\" content=\"2 minutes\" \/>\n<script type=\"application\/ld+json\" class=\"yoast-schema-graph\">{\"@context\":\"https:\/\/schema.org\",\"@graph\":[{\"@type\":\"WebSite\",\"@id\":\"https:\/\/ciagro.umh.es\/#website\",\"url\":\"https:\/\/ciagro.umh.es\/\",\"name\":\"Instituto de Investigaci\\u00f3n e Innovaci\\u00f3n Agroalimentaria y Agroambiental de la UMH\",\"description\":\"Universidad Miguel Hern\\u00e1ndez de Elche\",\"potentialAction\":[{\"@type\":\"SearchAction\",\"target\":{\"@type\":\"EntryPoint\",\"urlTemplate\":\"https:\/\/ciagro.umh.es\/?s={search_term_string}\"},\"query-input\":\"required name=search_term_string\"}],\"inLanguage\":\"en-US\"},{\"@type\":\"ImageObject\",\"@id\":\"https:\/\/ciagro.umh.es\/en\/investigation\/produccion-cientifica\/#primaryimage\",\"inLanguage\":\"en-US\",\"url\":\"https:\/\/ciagro.umh.es\/files\/2021\/05\/image004.png\",\"contentUrl\":\"https:\/\/ciagro.umh.es\/files\/2021\/05\/image004.png\",\"width\":1302,\"height\":979},{\"@type\":\"WebPage\",\"@id\":\"https:\/\/ciagro.umh.es\/en\/investigation\/produccion-cientifica\/#webpage\",\"url\":\"https:\/\/ciagro.umh.es\/en\/investigation\/produccion-cientifica\/\",\"name\":\"Scientific Production - Instituto de Investigaci\\u00f3n e Innovaci\\u00f3n Agroalimentaria y Agroambiental de la UMH\",\"isPartOf\":{\"@id\":\"https:\/\/ciagro.umh.es\/#website\"},\"primaryImageOfPage\":{\"@id\":\"https:\/\/ciagro.umh.es\/en\/investigation\/produccion-cientifica\/#primaryimage\"},\"datePublished\":\"2021-05-26T19:17:26+00:00\",\"dateModified\":\"2026-03-12T12:05:20+00:00\",\"breadcrumb\":{\"@id\":\"https:\/\/ciagro.umh.es\/en\/investigation\/produccion-cientifica\/#breadcrumb\"},\"inLanguage\":\"en-US\",\"potentialAction\":[{\"@type\":\"ReadAction\",\"target\":[\"https:\/\/ciagro.umh.es\/en\/investigation\/produccion-cientifica\/\"]}]},{\"@type\":\"BreadcrumbList\",\"@id\":\"https:\/\/ciagro.umh.es\/en\/investigation\/produccion-cientifica\/#breadcrumb\",\"itemListElement\":[{\"@type\":\"ListItem\",\"position\":1,\"name\":\"Portada\",\"item\":\"https:\/\/ciagro.umh.es\/en\/\"},{\"@type\":\"ListItem\",\"position\":2,\"name\":\"INVESTIGATION\",\"item\":\"https:\/\/ciagro.umh.es\/en\/investigation\/\"},{\"@type\":\"ListItem\",\"position\":3,\"name\":\"Scientific Production\"}]}]}<\/script>\n<!-- \/ Yoast SEO plugin. -->","yoast_head_json":{"title":"Scientific Production - Instituto de Investigaci\u00f3n e Innovaci\u00f3n Agroalimentaria y Agroambiental de la UMH","robots":{"index":"index","follow":"follow","max-snippet":"max-snippet:-1","max-image-preview":"max-image-preview:large","max-video-preview":"max-video-preview:-1"},"canonical":"https:\/\/ciagro.umh.es\/en\/investigation\/produccion-cientifica\/","og_locale":"en_US","og_type":"article","og_title":"Scientific Production - Instituto de Investigaci\u00f3n e Innovaci\u00f3n Agroalimentaria y Agroambiental de la UMH","og_description":"Scientific Production Scientific articles published during the last 5 years in journals indexed in the JCR, with Senior Research Staff as authors. Articles with more than one Senior Research Staff author from the Institute are counted only once. Considering that the CIAGRO-UMH Senior Research Staff consists of 66 people, the scientific output reaches an average [&hellip;]","og_url":"https:\/\/ciagro.umh.es\/en\/investigation\/produccion-cientifica\/","og_site_name":"Instituto de Investigaci\u00f3n e Innovaci\u00f3n Agroalimentaria y Agroambiental de la UMH","article_modified_time":"2026-03-12T12:05:20+00:00","og_image":[{"url":"https:\/\/ciagro.umh.es\/files\/2021\/05\/image004.png"}],"twitter_card":"summary_large_image","twitter_misc":{"Est. reading time":"2 minutes"},"schema":{"@context":"https:\/\/schema.org","@graph":[{"@type":"WebSite","@id":"https:\/\/ciagro.umh.es\/#website","url":"https:\/\/ciagro.umh.es\/","name":"Instituto de Investigaci\u00f3n e Innovaci\u00f3n Agroalimentaria y Agroambiental de la UMH","description":"Universidad Miguel Hern\u00e1ndez de Elche","potentialAction":[{"@type":"SearchAction","target":{"@type":"EntryPoint","urlTemplate":"https:\/\/ciagro.umh.es\/?s={search_term_string}"},"query-input":"required name=search_term_string"}],"inLanguage":"en-US"},{"@type":"ImageObject","@id":"https:\/\/ciagro.umh.es\/en\/investigation\/produccion-cientifica\/#primaryimage","inLanguage":"en-US","url":"https:\/\/ciagro.umh.es\/files\/2021\/05\/image004.png","contentUrl":"https:\/\/ciagro.umh.es\/files\/2021\/05\/image004.png","width":1302,"height":979},{"@type":"WebPage","@id":"https:\/\/ciagro.umh.es\/en\/investigation\/produccion-cientifica\/#webpage","url":"https:\/\/ciagro.umh.es\/en\/investigation\/produccion-cientifica\/","name":"Scientific Production - Instituto de Investigaci\u00f3n e Innovaci\u00f3n Agroalimentaria y Agroambiental de la UMH","isPartOf":{"@id":"https:\/\/ciagro.umh.es\/#website"},"primaryImageOfPage":{"@id":"https:\/\/ciagro.umh.es\/en\/investigation\/produccion-cientifica\/#primaryimage"},"datePublished":"2021-05-26T19:17:26+00:00","dateModified":"2026-03-12T12:05:20+00:00","breadcrumb":{"@id":"https:\/\/ciagro.umh.es\/en\/investigation\/produccion-cientifica\/#breadcrumb"},"inLanguage":"en-US","potentialAction":[{"@type":"ReadAction","target":["https:\/\/ciagro.umh.es\/en\/investigation\/produccion-cientifica\/"]}]},{"@type":"BreadcrumbList","@id":"https:\/\/ciagro.umh.es\/en\/investigation\/produccion-cientifica\/#breadcrumb","itemListElement":[{"@type":"ListItem","position":1,"name":"Portada","item":"https:\/\/ciagro.umh.es\/en\/"},{"@type":"ListItem","position":2,"name":"INVESTIGATION","item":"https:\/\/ciagro.umh.es\/en\/investigation\/"},{"@type":"ListItem","position":3,"name":"Scientific Production"}]}]}},"_links":{"self":[{"href":"https:\/\/ciagro.umh.es\/en\/wp-json\/wp\/v2\/pages\/6422"}],"collection":[{"href":"https:\/\/ciagro.umh.es\/en\/wp-json\/wp\/v2\/pages"}],"about":[{"href":"https:\/\/ciagro.umh.es\/en\/wp-json\/wp\/v2\/types\/page"}],"author":[{"embeddable":true,"href":"https:\/\/ciagro.umh.es\/en\/wp-json\/wp\/v2\/users\/6351"}],"replies":[{"embeddable":true,"href":"https:\/\/ciagro.umh.es\/en\/wp-json\/wp\/v2\/comments?post=6422"}],"version-history":[{"count":0,"href":"https:\/\/ciagro.umh.es\/en\/wp-json\/wp\/v2\/pages\/6422\/revisions"}],"up":[{"embeddable":true,"href":"https:\/\/ciagro.umh.es\/en\/wp-json\/wp\/v2\/pages\/6407"}],"wp:attachment":[{"href":"https:\/\/ciagro.umh.es\/en\/wp-json\/wp\/v2\/media?parent=6422"}],"curies":[{"name":"wp","href":"https:\/\/api.w.org\/{rel}","templated":true}]}}