{"id":6407,"date":"2026-03-12T12:48:00","date_gmt":"2026-03-12T11:48:00","guid":{"rendered":"https:\/\/ciagro.umh.es\/?page_id=6407"},"modified":"2026-03-12T12:51:11","modified_gmt":"2026-03-12T11:51:11","slug":"investigation","status":"publish","type":"page","link":"https:\/\/ciagro.umh.es\/en\/investigation\/","title":{"rendered":"INVESTIGATION"},"content":{"rendered":"<p>[et_pb_section fb_built=&#8221;1&#8243; theme_builder_area=&#8221;post_content&#8221; _builder_version=&#8221;4.17.4&#8243; _module_preset=&#8221;default&#8221;][\/et_pb_section]<\/p>\n","protected":false},"excerpt":{"rendered":"","protected":false},"author":3782,"featured_media":0,"parent":0,"menu_order":0,"comment_status":"closed","ping_status":"closed","template":"","meta":{"_et_pb_use_builder":"on","_et_pb_old_content":"","_et_gb_content_width":"","_links_to":"","_links_to_target":""},"yoast_head":"<!-- This site is optimized with the Yoast SEO plugin v17.5 - https:\/\/yoast.com\/wordpress\/plugins\/seo\/ -->\n<title>INVESTIGATION - Instituto de Investigaci\u00f3n e Innovaci\u00f3n Agroalimentaria y Agroambiental de la UMH<\/title>\n<meta name=\"robots\" content=\"index, follow, max-snippet:-1, max-image-preview:large, max-video-preview:-1\" \/>\n<link rel=\"canonical\" href=\"https:\/\/ciagro.umh.es\/en\/investigation\/\" \/>\n<meta property=\"og:locale\" content=\"en_US\" \/>\n<meta property=\"og:type\" content=\"article\" \/>\n<meta property=\"og:title\" content=\"INVESTIGATION - Instituto de Investigaci\u00f3n e Innovaci\u00f3n Agroalimentaria y Agroambiental de la UMH\" \/>\n<meta property=\"og:url\" content=\"https:\/\/ciagro.umh.es\/en\/investigation\/\" \/>\n<meta property=\"og:site_name\" content=\"Instituto de Investigaci\u00f3n e Innovaci\u00f3n Agroalimentaria y Agroambiental de la UMH\" \/>\n<meta property=\"article:modified_time\" content=\"2026-03-12T11:51:11+00:00\" \/>\n<meta name=\"twitter:card\" content=\"summary_large_image\" \/>\n<script type=\"application\/ld+json\" class=\"yoast-schema-graph\">{\"@context\":\"https:\/\/schema.org\",\"@graph\":[{\"@type\":\"WebSite\",\"@id\":\"https:\/\/ciagro.umh.es\/#website\",\"url\":\"https:\/\/ciagro.umh.es\/\",\"name\":\"Instituto de Investigaci\\u00f3n e Innovaci\\u00f3n Agroalimentaria y Agroambiental de la UMH\",\"description\":\"Universidad Miguel Hern\\u00e1ndez de Elche\",\"potentialAction\":[{\"@type\":\"SearchAction\",\"target\":{\"@type\":\"EntryPoint\",\"urlTemplate\":\"https:\/\/ciagro.umh.es\/?s={search_term_string}\"},\"query-input\":\"required name=search_term_string\"}],\"inLanguage\":\"en-US\"},{\"@type\":\"WebPage\",\"@id\":\"https:\/\/ciagro.umh.es\/en\/investigation\/#webpage\",\"url\":\"https:\/\/ciagro.umh.es\/en\/investigation\/\",\"name\":\"INVESTIGATION - Instituto de Investigaci\\u00f3n e Innovaci\\u00f3n Agroalimentaria y Agroambiental de la UMH\",\"isPartOf\":{\"@id\":\"https:\/\/ciagro.umh.es\/#website\"},\"datePublished\":\"2026-03-12T11:48:00+00:00\",\"dateModified\":\"2026-03-12T11:51:11+00:00\",\"breadcrumb\":{\"@id\":\"https:\/\/ciagro.umh.es\/en\/investigation\/#breadcrumb\"},\"inLanguage\":\"en-US\",\"potentialAction\":[{\"@type\":\"ReadAction\",\"target\":[\"https:\/\/ciagro.umh.es\/en\/investigation\/\"]}]},{\"@type\":\"BreadcrumbList\",\"@id\":\"https:\/\/ciagro.umh.es\/en\/investigation\/#breadcrumb\",\"itemListElement\":[{\"@type\":\"ListItem\",\"position\":1,\"name\":\"Portada\",\"item\":\"https:\/\/ciagro.umh.es\/en\/\"},{\"@type\":\"ListItem\",\"position\":2,\"name\":\"INVESTIGATION\"}]}]}<\/script>\n<!-- \/ Yoast SEO plugin. -->","yoast_head_json":{"title":"INVESTIGATION - Instituto de Investigaci\u00f3n e Innovaci\u00f3n Agroalimentaria y Agroambiental de la UMH","robots":{"index":"index","follow":"follow","max-snippet":"max-snippet:-1","max-image-preview":"max-image-preview:large","max-video-preview":"max-video-preview:-1"},"canonical":"https:\/\/ciagro.umh.es\/en\/investigation\/","og_locale":"en_US","og_type":"article","og_title":"INVESTIGATION - Instituto de Investigaci\u00f3n e Innovaci\u00f3n Agroalimentaria y Agroambiental de la UMH","og_url":"https:\/\/ciagro.umh.es\/en\/investigation\/","og_site_name":"Instituto de Investigaci\u00f3n e Innovaci\u00f3n Agroalimentaria y Agroambiental de la UMH","article_modified_time":"2026-03-12T11:51:11+00:00","twitter_card":"summary_large_image","schema":{"@context":"https:\/\/schema.org","@graph":[{"@type":"WebSite","@id":"https:\/\/ciagro.umh.es\/#website","url":"https:\/\/ciagro.umh.es\/","name":"Instituto de Investigaci\u00f3n e Innovaci\u00f3n Agroalimentaria y Agroambiental de la UMH","description":"Universidad Miguel Hern\u00e1ndez de Elche","potentialAction":[{"@type":"SearchAction","target":{"@type":"EntryPoint","urlTemplate":"https:\/\/ciagro.umh.es\/?s={search_term_string}"},"query-input":"required name=search_term_string"}],"inLanguage":"en-US"},{"@type":"WebPage","@id":"https:\/\/ciagro.umh.es\/en\/investigation\/#webpage","url":"https:\/\/ciagro.umh.es\/en\/investigation\/","name":"INVESTIGATION - Instituto de Investigaci\u00f3n e Innovaci\u00f3n Agroalimentaria y Agroambiental de la UMH","isPartOf":{"@id":"https:\/\/ciagro.umh.es\/#website"},"datePublished":"2026-03-12T11:48:00+00:00","dateModified":"2026-03-12T11:51:11+00:00","breadcrumb":{"@id":"https:\/\/ciagro.umh.es\/en\/investigation\/#breadcrumb"},"inLanguage":"en-US","potentialAction":[{"@type":"ReadAction","target":["https:\/\/ciagro.umh.es\/en\/investigation\/"]}]},{"@type":"BreadcrumbList","@id":"https:\/\/ciagro.umh.es\/en\/investigation\/#breadcrumb","itemListElement":[{"@type":"ListItem","position":1,"name":"Portada","item":"https:\/\/ciagro.umh.es\/en\/"},{"@type":"ListItem","position":2,"name":"INVESTIGATION"}]}]}},"_links":{"self":[{"href":"https:\/\/ciagro.umh.es\/en\/wp-json\/wp\/v2\/pages\/6407"}],"collection":[{"href":"https:\/\/ciagro.umh.es\/en\/wp-json\/wp\/v2\/pages"}],"about":[{"href":"https:\/\/ciagro.umh.es\/en\/wp-json\/wp\/v2\/types\/page"}],"author":[{"embeddable":true,"href":"https:\/\/ciagro.umh.es\/en\/wp-json\/wp\/v2\/users\/3782"}],"replies":[{"embeddable":true,"href":"https:\/\/ciagro.umh.es\/en\/wp-json\/wp\/v2\/comments?post=6407"}],"version-history":[{"count":0,"href":"https:\/\/ciagro.umh.es\/en\/wp-json\/wp\/v2\/pages\/6407\/revisions"}],"wp:attachment":[{"href":"https:\/\/ciagro.umh.es\/en\/wp-json\/wp\/v2\/media?parent=6407"}],"curies":[{"name":"wp","href":"https:\/\/api.w.org\/{rel}","templated":true}]}}