{"id":6398,"date":"2021-05-26T21:25:16","date_gmt":"2021-05-26T19:25:16","guid":{"rendered":"https:\/\/ciagro.umh.es\/estructura-cientifica\/"},"modified":"2026-03-12T12:43:30","modified_gmt":"2026-03-12T11:43:30","slug":"estructura-cientifica","status":"publish","type":"page","link":"https:\/\/ciagro.umh.es\/en\/investigation\/estructura-cientifica\/","title":{"rendered":"Scientific Structure"},"content":{"rendered":"<p>[et_pb_section fb_built=&#8221;1&#8243; _builder_version=&#8221;4.16&#8243; global_colors_info=&#8221;{}&#8221;][et_pb_row _builder_version=&#8221;4.16&#8243; background_size=&#8221;initial&#8221; background_position=&#8221;top_left&#8221; background_repeat=&#8221;repeat&#8221; global_colors_info=&#8221;{}&#8221;][et_pb_column type=&#8221;4_4&#8243; _builder_version=&#8221;4.16&#8243; custom_padding=&#8221;|||&#8221; global_colors_info=&#8221;{}&#8221; custom_padding__hover=&#8221;|||&#8221;][et_pb_text _builder_version=&#8221;4.17.4&#8243; header_font_size=&#8221;28px&#8221; hover_enabled=&#8221;0&#8243; header_font_size_tablet=&#8221;&#8221; header_font_size_phone=&#8221;25px&#8221; header_font_size_last_edited=&#8221;on|phone&#8221; global_colors_info=&#8221;{}&#8221; sticky_enabled=&#8221;0&#8243;]<\/p>\n<h1>Scientific Structure<\/h1>\n<p>[\/et_pb_text][et_pb_text _builder_version=&#8221;4.17.4&#8243; background_size=&#8221;initial&#8221; background_position=&#8221;top_left&#8221; background_repeat=&#8221;repeat&#8221; hover_enabled=&#8221;0&#8243; global_colors_info=&#8221;{}&#8221; sticky_enabled=&#8221;0&#8243;]We present a chart that explains the personal organization of each research group; each one develops research topics of at least two issues..<\/p>\n<p>At the top of the table we see the research topic..<\/p>\n<p><img loading=\"lazy\" class=\"alignnone wp-image-156\" src=\"https:\/\/ciagro.umh.es\/files\/2021\/05\/image002-3.png\" alt=\"\" width=\"688\" height=\"356\" srcset=\"https:\/\/ciagro.umh.es\/files\/2021\/05\/image002-3.png 1432w, https:\/\/ciagro.umh.es\/files\/2021\/05\/image002-3-300x155.png 300w, https:\/\/ciagro.umh.es\/files\/2021\/05\/image002-3-768x397.png 768w, https:\/\/ciagro.umh.es\/files\/2021\/05\/image002-3-1024x529.png 1024w\" sizes=\"(max-width: 688px) 100vw, 688px\" \/><\/p>\n<p><em>CIAGRO-UMH&#8217;s matrix-based scientific structure: the lines represent the strategic research lines (2), the specific research lines (6), and the columns represent the research groups. The crosses identify the lines in which each research group is involved\/active.<\/em>[\/et_pb_text][\/et_pb_column][\/et_pb_row][\/et_pb_section]<\/p>\n","protected":false},"excerpt":{"rendered":"<p>Scientific StructureWe present a chart that explains the personal organization of each research group; each one develops research topics of at least two issues.. At the top of the table we see the research topic.. CIAGRO-UMH&#8217;s matrix-based scientific structure: the lines represent the strategic research lines (2), the specific research lines (6), and the columns [&hellip;]<\/p>\n","protected":false},"author":6351,"featured_media":0,"parent":6407,"menu_order":0,"comment_status":"closed","ping_status":"closed","template":"","meta":{"_et_pb_use_builder":"on","_et_pb_old_content":"<p>Presentamos un gr\u00e1fico que explica la organizaci\u00f3n personal de cada grupo de investigaci\u00f3n; cada uno desarrolla temas de investigaci\u00f3n de al menos dos cuestiones.<\/p><p>En la parte superior de la tabla observamos el tema de la investigaci\u00f3n.<\/p><p><img class=\"alignnone wp-image-156\" src=\"https:\/\/ciagro.umh.es\/files\/2021\/05\/image002-3.png\" alt=\"\" width=\"688\" height=\"356\" \/><\/p><p><em>Estructura cient\u00edfica matricial del CIAGRO-UMH: en l\u00edneas, las l\u00edneas de investigaci\u00f3n estrat\u00e9gicas (2), las l\u00edneas de investigaci\u00f3n espec\u00edficas (6) y en columnas los grupos de investigaci\u00f3n. Las cruces identifican las l\u00edneas en las que interviene\/act\u00faa cada grupo de investigaci\u00f3n<\/em><\/p>","_et_gb_content_width":"","_links_to":"","_links_to_target":""},"yoast_head":"<!-- This site is optimized with the Yoast SEO plugin v17.5 - https:\/\/yoast.com\/wordpress\/plugins\/seo\/ -->\n<title>Scientific Structure - Instituto de Investigaci\u00f3n e Innovaci\u00f3n Agroalimentaria y Agroambiental de la UMH<\/title>\n<meta name=\"robots\" content=\"index, follow, max-snippet:-1, max-image-preview:large, max-video-preview:-1\" \/>\n<link rel=\"canonical\" href=\"https:\/\/ciagro.umh.es\/en\/estructura-cientifica\/\" \/>\n<meta property=\"og:locale\" content=\"en_US\" \/>\n<meta property=\"og:type\" content=\"article\" \/>\n<meta property=\"og:title\" content=\"Scientific Structure - Instituto de Investigaci\u00f3n e Innovaci\u00f3n Agroalimentaria y Agroambiental de la UMH\" \/>\n<meta property=\"og:description\" content=\"Scientific StructureWe present a chart that explains the personal organization of each research group; each one develops research topics of at least two issues.. At the top of the table we see the research topic.. CIAGRO-UMH&#039;s matrix-based scientific structure: the lines represent the strategic research lines (2), the specific research lines (6), and the columns [&hellip;]\" \/>\n<meta property=\"og:url\" content=\"https:\/\/ciagro.umh.es\/en\/estructura-cientifica\/\" \/>\n<meta property=\"og:site_name\" content=\"Instituto de Investigaci\u00f3n e Innovaci\u00f3n Agroalimentaria y Agroambiental de la UMH\" \/>\n<meta property=\"article:modified_time\" content=\"2026-03-12T11:43:30+00:00\" \/>\n<meta property=\"og:image\" content=\"https:\/\/ciagro.umh.es\/files\/2021\/05\/image002-3.png\" \/>\n<meta name=\"twitter:card\" content=\"summary_large_image\" \/>\n<meta name=\"twitter:label1\" content=\"Est. reading time\" \/>\n\t<meta name=\"twitter:data1\" content=\"1 minute\" \/>\n<script type=\"application\/ld+json\" class=\"yoast-schema-graph\">{\"@context\":\"https:\/\/schema.org\",\"@graph\":[{\"@type\":\"WebSite\",\"@id\":\"https:\/\/ciagro.umh.es\/#website\",\"url\":\"https:\/\/ciagro.umh.es\/\",\"name\":\"Instituto de Investigaci\\u00f3n e Innovaci\\u00f3n Agroalimentaria y Agroambiental de la UMH\",\"description\":\"Universidad Miguel Hern\\u00e1ndez de Elche\",\"potentialAction\":[{\"@type\":\"SearchAction\",\"target\":{\"@type\":\"EntryPoint\",\"urlTemplate\":\"https:\/\/ciagro.umh.es\/?s={search_term_string}\"},\"query-input\":\"required name=search_term_string\"}],\"inLanguage\":\"en-US\"},{\"@type\":\"ImageObject\",\"@id\":\"https:\/\/ciagro.umh.es\/en\/estructura-cientifica\/#primaryimage\",\"inLanguage\":\"en-US\",\"url\":\"https:\/\/ciagro.umh.es\/files\/2021\/05\/image002-3.png\",\"contentUrl\":\"https:\/\/ciagro.umh.es\/files\/2021\/05\/image002-3.png\",\"width\":1432,\"height\":740},{\"@type\":\"WebPage\",\"@id\":\"https:\/\/ciagro.umh.es\/en\/estructura-cientifica\/#webpage\",\"url\":\"https:\/\/ciagro.umh.es\/en\/estructura-cientifica\/\",\"name\":\"Scientific Structure - Instituto de Investigaci\\u00f3n e Innovaci\\u00f3n Agroalimentaria y Agroambiental de la UMH\",\"isPartOf\":{\"@id\":\"https:\/\/ciagro.umh.es\/#website\"},\"primaryImageOfPage\":{\"@id\":\"https:\/\/ciagro.umh.es\/en\/estructura-cientifica\/#primaryimage\"},\"datePublished\":\"2021-05-26T19:25:16+00:00\",\"dateModified\":\"2026-03-12T11:43:30+00:00\",\"breadcrumb\":{\"@id\":\"https:\/\/ciagro.umh.es\/en\/estructura-cientifica\/#breadcrumb\"},\"inLanguage\":\"en-US\",\"potentialAction\":[{\"@type\":\"ReadAction\",\"target\":[\"https:\/\/ciagro.umh.es\/en\/estructura-cientifica\/\"]}]},{\"@type\":\"BreadcrumbList\",\"@id\":\"https:\/\/ciagro.umh.es\/en\/estructura-cientifica\/#breadcrumb\",\"itemListElement\":[{\"@type\":\"ListItem\",\"position\":1,\"name\":\"Portada\",\"item\":\"https:\/\/ciagro.umh.es\/en\/\"},{\"@type\":\"ListItem\",\"position\":2,\"name\":\"Scientific Structure\"}]}]}<\/script>\n<!-- \/ Yoast SEO plugin. -->","yoast_head_json":{"title":"Scientific Structure - Instituto de Investigaci\u00f3n e Innovaci\u00f3n Agroalimentaria y Agroambiental de la UMH","robots":{"index":"index","follow":"follow","max-snippet":"max-snippet:-1","max-image-preview":"max-image-preview:large","max-video-preview":"max-video-preview:-1"},"canonical":"https:\/\/ciagro.umh.es\/en\/estructura-cientifica\/","og_locale":"en_US","og_type":"article","og_title":"Scientific Structure - Instituto de Investigaci\u00f3n e Innovaci\u00f3n Agroalimentaria y Agroambiental de la UMH","og_description":"Scientific StructureWe present a chart that explains the personal organization of each research group; each one develops research topics of at least two issues.. At the top of the table we see the research topic.. CIAGRO-UMH's matrix-based scientific structure: the lines represent the strategic research lines (2), the specific research lines (6), and the columns [&hellip;]","og_url":"https:\/\/ciagro.umh.es\/en\/estructura-cientifica\/","og_site_name":"Instituto de Investigaci\u00f3n e Innovaci\u00f3n Agroalimentaria y Agroambiental de la UMH","article_modified_time":"2026-03-12T11:43:30+00:00","og_image":[{"url":"https:\/\/ciagro.umh.es\/files\/2021\/05\/image002-3.png"}],"twitter_card":"summary_large_image","twitter_misc":{"Est. reading time":"1 minute"},"schema":{"@context":"https:\/\/schema.org","@graph":[{"@type":"WebSite","@id":"https:\/\/ciagro.umh.es\/#website","url":"https:\/\/ciagro.umh.es\/","name":"Instituto de Investigaci\u00f3n e Innovaci\u00f3n Agroalimentaria y Agroambiental de la UMH","description":"Universidad Miguel Hern\u00e1ndez de Elche","potentialAction":[{"@type":"SearchAction","target":{"@type":"EntryPoint","urlTemplate":"https:\/\/ciagro.umh.es\/?s={search_term_string}"},"query-input":"required name=search_term_string"}],"inLanguage":"en-US"},{"@type":"ImageObject","@id":"https:\/\/ciagro.umh.es\/en\/estructura-cientifica\/#primaryimage","inLanguage":"en-US","url":"https:\/\/ciagro.umh.es\/files\/2021\/05\/image002-3.png","contentUrl":"https:\/\/ciagro.umh.es\/files\/2021\/05\/image002-3.png","width":1432,"height":740},{"@type":"WebPage","@id":"https:\/\/ciagro.umh.es\/en\/estructura-cientifica\/#webpage","url":"https:\/\/ciagro.umh.es\/en\/estructura-cientifica\/","name":"Scientific Structure - Instituto de Investigaci\u00f3n e Innovaci\u00f3n Agroalimentaria y Agroambiental de la UMH","isPartOf":{"@id":"https:\/\/ciagro.umh.es\/#website"},"primaryImageOfPage":{"@id":"https:\/\/ciagro.umh.es\/en\/estructura-cientifica\/#primaryimage"},"datePublished":"2021-05-26T19:25:16+00:00","dateModified":"2026-03-12T11:43:30+00:00","breadcrumb":{"@id":"https:\/\/ciagro.umh.es\/en\/estructura-cientifica\/#breadcrumb"},"inLanguage":"en-US","potentialAction":[{"@type":"ReadAction","target":["https:\/\/ciagro.umh.es\/en\/estructura-cientifica\/"]}]},{"@type":"BreadcrumbList","@id":"https:\/\/ciagro.umh.es\/en\/estructura-cientifica\/#breadcrumb","itemListElement":[{"@type":"ListItem","position":1,"name":"Portada","item":"https:\/\/ciagro.umh.es\/en\/"},{"@type":"ListItem","position":2,"name":"Scientific Structure"}]}]}},"_links":{"self":[{"href":"https:\/\/ciagro.umh.es\/en\/wp-json\/wp\/v2\/pages\/6398"}],"collection":[{"href":"https:\/\/ciagro.umh.es\/en\/wp-json\/wp\/v2\/pages"}],"about":[{"href":"https:\/\/ciagro.umh.es\/en\/wp-json\/wp\/v2\/types\/page"}],"author":[{"embeddable":true,"href":"https:\/\/ciagro.umh.es\/en\/wp-json\/wp\/v2\/users\/6351"}],"replies":[{"embeddable":true,"href":"https:\/\/ciagro.umh.es\/en\/wp-json\/wp\/v2\/comments?post=6398"}],"version-history":[{"count":0,"href":"https:\/\/ciagro.umh.es\/en\/wp-json\/wp\/v2\/pages\/6398\/revisions"}],"up":[{"embeddable":true,"href":"https:\/\/ciagro.umh.es\/en\/wp-json\/wp\/v2\/pages\/6407"}],"wp:attachment":[{"href":"https:\/\/ciagro.umh.es\/en\/wp-json\/wp\/v2\/media?parent=6398"}],"curies":[{"name":"wp","href":"https:\/\/api.w.org\/{rel}","templated":true}]}}