{"id":6391,"date":"2021-05-26T21:20:17","date_gmt":"2021-05-26T19:20:17","guid":{"rendered":"https:\/\/ciagro.umh.es\/proyectos\/"},"modified":"2026-03-13T14:50:35","modified_gmt":"2026-03-13T13:50:35","slug":"projects","status":"publish","type":"page","link":"https:\/\/ciagro.umh.es\/en\/investigation\/projects\/","title":{"rendered":"Projects"},"content":{"rendered":"<p>[et_pb_section fb_built=&#8221;1&#8243; _builder_version=&#8221;4.16&#8243; global_colors_info=&#8221;{}&#8221;][et_pb_row _builder_version=&#8221;4.16&#8243; background_size=&#8221;initial&#8221; background_position=&#8221;top_left&#8221; background_repeat=&#8221;repeat&#8221; global_colors_info=&#8221;{}&#8221;][et_pb_column type=&#8221;4_4&#8243; _builder_version=&#8221;4.16&#8243; custom_padding=&#8221;|||&#8221; global_colors_info=&#8221;{}&#8221; custom_padding__hover=&#8221;|||&#8221;][et_pb_text _builder_version=&#8221;4.17.4&#8243; hover_enabled=&#8221;0&#8243; global_colors_info=&#8221;{}&#8221; sticky_enabled=&#8221;0&#8243;]<\/p>\n<h1>Projects<\/h1>\n<p>[\/et_pb_text][et_pb_text _builder_version=&#8221;4.17.4&#8243; background_size=&#8221;initial&#8221; background_position=&#8221;top_left&#8221; background_repeat=&#8221;repeat&#8221; global_colors_info=&#8221;{}&#8221;]<\/p>\n<p><!--:es--><strong>CIAGRO comprises 67 tenured researchers and 24 associate researchers .<\/strong>. The institute&#8217;s research team <strong> covers almost all disciplines within the agri-food and agro-environmental sectors<\/strong>, ranging from agricultural production and means of production to markets and distribution, including food processing and production. All of this is approached from an agro-environmental perspective that promotes biodiversity, resilience to climate change, and the efficient use of natural resources, ultimately fostering sustainability.<\/p>\n<p><img loading=\"lazy\" class=\"alignnone wp-image-141\" style=\"margin-left: auto; margin-right: auto;\" src=\"https:\/\/ciagro.umh.es\/files\/2021\/05\/image002-1.png\" alt=\"\" width=\"671\" height=\"504\" srcset=\"https:\/\/ciagro.umh.es\/files\/2021\/05\/image002-1.png 1400w, https:\/\/ciagro.umh.es\/files\/2021\/05\/image002-1-300x225.png 300w, https:\/\/ciagro.umh.es\/files\/2021\/05\/image002-1-768x577.png 768w, https:\/\/ciagro.umh.es\/files\/2021\/05\/image002-1-1024x769.png 1024w\" sizes=\"(max-width: 671px) 100vw, 671px\" \/><\/p>\n<p><em>Proyectos I+D+I,projects, agreements and contracts in which the Senior Research Staff of CIAGRO-UMH participated during the last 5 years (period September 2015 to October 2020)<\/em><\/p>\n<p>During the last 5 years analyzed, <strong>2\/3 of the research groups <\/strong>attached to the Institute have participated in at least <strong>1 I+D+I project in international<\/strong> competitive calls, with an <strong>average of 1.5 projects per research group<\/strong>; that <strong>all the research groups of CIAGRO-UMH have participated in I+D+I projects in national or regional calls<\/strong>, with an average of 7.2 projects per research group, and finally that all the research groups of the institute have participated in I+D+I or transfer agreements and contracts, with an average of just <strong>over 17 contracts per research group.<\/strong><!--:--><\/p>\n<p>[\/et_pb_text][\/et_pb_column][\/et_pb_row][\/et_pb_section][et_pb_section fb_built=&#8221;1&#8243; disabled_on=&#8221;on|on|on&#8221; _builder_version=&#8221;4.16&#8243; disabled=&#8221;on&#8221; global_colors_info=&#8221;{}&#8221;][et_pb_row _builder_version=&#8221;4.16&#8243; background_size=&#8221;initial&#8221; background_position=&#8221;top_left&#8221; background_repeat=&#8221;repeat&#8221; global_colors_info=&#8221;{}&#8221;][et_pb_column type=&#8221;4_4&#8243; _builder_version=&#8221;4.16&#8243; custom_padding=&#8221;|||&#8221; global_colors_info=&#8221;{}&#8221; custom_padding__hover=&#8221;|||&#8221;][et_pb_text _builder_version=&#8221;4.16&#8243; global_colors_info=&#8221;{}&#8221;]<\/p>\n<h1>Proyectos<\/h1>\n<p>[\/et_pb_text][et_pb_text _builder_version=&#8221;4.16&#8243; background_size=&#8221;initial&#8221; background_position=&#8221;top_left&#8221; background_repeat=&#8221;repeat&#8221; global_colors_info=&#8221;{}&#8221;]<\/p>\n<p><!--:es--><strong>El CIAGRO, est\u00e1 integrado por 67 investigadores titulares y 24 asociados<\/strong>. El equipo investigador de este centro\u00a0<strong>abarca casi la totalidad de las disciplinas de los sectores agroalimentario y agroambiental<\/strong>, que van desde la producci\u00f3n y medios de producci\u00f3n agrarios hasta los mercados y distribuci\u00f3n, pasando por la transformaci\u00f3n y producci\u00f3n de alimentos. Todo ello, bajo una perspectiva agroambiental de fomento de la biodiversidad, de la resiliencia frente al cambio clim\u00e1tico y del uso eficiente de recursos naturales y, en definitiva, de la sostenibilidad.<\/p>\n<p><img loading=\"lazy\" class=\"alignnone wp-image-141\" src=\"https:\/\/ciagro.umh.es\/files\/2021\/05\/image002-1.png\" alt=\"\" width=\"671\" height=\"504\" style=\"margin-left: auto;margin-right: auto\" srcset=\"https:\/\/ciagro.umh.es\/files\/2021\/05\/image002-1.png 1400w, https:\/\/ciagro.umh.es\/files\/2021\/05\/image002-1-300x225.png 300w, https:\/\/ciagro.umh.es\/files\/2021\/05\/image002-1-768x577.png 768w, https:\/\/ciagro.umh.es\/files\/2021\/05\/image002-1-1024x769.png 1024w\" sizes=\"(max-width: 671px) 100vw, 671px\" \/><\/p>\n<p><em>Proyectos I+D+I, convenios y contratos participados por el Personal Investigador Titular del CIAGRO-UMH durante los \u00faltimos 5 a\u00f1os (periodo septiembre 2015 a octubre 2020)<\/em><\/p>\n<p>Durante estos \u00faltimos 5 a\u00f1os analizados, <strong>2\/3 partes de los grupos de investigaci\u00f3n<\/strong> adscritos al Centro han participado en al menos <strong>1 proyecto de I+D+I<\/strong> en convocatorias competitivas <strong>internacionales<\/strong>, con una <strong>media de 1,5 proyectos por grupo de investigaci\u00f3n<\/strong>; que <strong>todos los grupos de investigaci\u00f3n del CIAGRO-UMH han participado en proyectos de I+D+I en convocatorias nacionales o regionales<\/strong>, con una media de 7,2 proyectos por grupo de investigaci\u00f3n, y finalmente que todos los grupos de investigaci\u00f3n del centro han participado en convenios y contratos de I+D+I o transferencia, con una media de algo <strong>m\u00e1s de 17 contratos por grupo de investigaci\u00f3n.<\/strong><!--:--><\/p>\n<p>[\/et_pb_text][\/et_pb_column][\/et_pb_row][\/et_pb_section]<\/p>\n","protected":false},"excerpt":{"rendered":"<p>ProjectsCIAGRO comprises 67 tenured researchers and 24 associate researchers .. The institute&#8217;s research team covers almost all disciplines within the agri-food and agro-environmental sectors, ranging from agricultural production and means of production to markets and distribution, including food processing and production. All of this is approached from an agro-environmental perspective that promotes biodiversity, resilience to [&hellip;]<\/p>\n","protected":false},"author":6351,"featured_media":0,"parent":6407,"menu_order":0,"comment_status":"closed","ping_status":"closed","template":"","meta":{"_et_pb_use_builder":"on","_et_pb_old_content":"<!--:es--><strong>El CIAGRO, est\u00e1 integrado por 67 investigadores titulares y 24 asociados<\/strong>. El equipo investigador de este centro\u00a0<strong>abarca casi la totalidad de las disciplinas de los sectores agroalimentario y agroambiental<\/strong>, que van desde la producci\u00f3n y medios de producci\u00f3n agrarios hasta los mercados y distribuci\u00f3n, pasando por la transformaci\u00f3n y producci\u00f3n de alimentos. Todo ello, bajo una perspectiva agroambiental de fomento de la biodiversidad, de la resiliencia frente al cambio clim\u00e1tico y del uso eficiente de recursos naturales y, en definitiva, de la sostenibilidad.\r\n\r\n<img class=\"alignnone wp-image-141\" src=\"https:\/\/ciagro.umh.es\/files\/2021\/05\/image002-1.png\" alt=\"\" width=\"671\" height=\"504\" \/>\r\n\r\n<em>Proyectos I+D+I, convenios y contratos participados por el Personal Investigador Titular del CIAGRO-UMH durante los \u00faltimos 5 a\u00f1os (periodo septiembre 2015 a octubre 2020)<\/em>\r\n\r\nDurante estos \u00faltimos 5 a\u00f1os analizados, <strong>2\/3 partes de los grupos de investigaci\u00f3n<\/strong> adscritos al Centro han participado en al menos <strong>1 proyecto de I+D+I<\/strong> en convocatorias competitivas <strong>internacionales<\/strong>, con una <strong>media de 1,5 proyectos por grupo de investigaci\u00f3n<\/strong>; que <strong>todos los grupos de investigaci\u00f3n del CIAGRO-UMH han participado en proyectos de I+D+I en convocatorias nacionales o regionales<\/strong>, con una media de 7,2 proyectos por grupo de investigaci\u00f3n, y finalmente que todos los grupos de investigaci\u00f3n del centro han participado en convenios y contratos de I+D+I o transferencia, con una media de algo <strong>m\u00e1s de 17 contratos por grupo de investigaci\u00f3n.<\/strong><!--:-->","_et_gb_content_width":"","_links_to":"","_links_to_target":""},"yoast_head":"<!-- This site is optimized with the Yoast SEO plugin v17.5 - https:\/\/yoast.com\/wordpress\/plugins\/seo\/ -->\n<title>Projects - Instituto de Investigaci\u00f3n e Innovaci\u00f3n Agroalimentaria y Agroambiental de la UMH<\/title>\n<meta name=\"robots\" content=\"index, follow, max-snippet:-1, max-image-preview:large, max-video-preview:-1\" \/>\n<link rel=\"canonical\" href=\"https:\/\/ciagro.umh.es\/en\/investigation\/projects\/\" \/>\n<meta property=\"og:locale\" content=\"en_US\" \/>\n<meta property=\"og:type\" content=\"article\" \/>\n<meta property=\"og:title\" content=\"Projects - Instituto de Investigaci\u00f3n e Innovaci\u00f3n Agroalimentaria y Agroambiental de la UMH\" \/>\n<meta property=\"og:description\" content=\"ProjectsCIAGRO comprises 67 tenured researchers and 24 associate researchers .. The institute&#039;s research team covers almost all disciplines within the agri-food and agro-environmental sectors, ranging from agricultural production and means of production to markets and distribution, including food processing and production. All of this is approached from an agro-environmental perspective that promotes biodiversity, resilience to [&hellip;]\" \/>\n<meta property=\"og:url\" content=\"https:\/\/ciagro.umh.es\/en\/investigation\/projects\/\" \/>\n<meta property=\"og:site_name\" content=\"Instituto de Investigaci\u00f3n e Innovaci\u00f3n Agroalimentaria y Agroambiental de la UMH\" \/>\n<meta property=\"article:modified_time\" content=\"2026-03-13T13:50:35+00:00\" \/>\n<meta property=\"og:image\" content=\"https:\/\/ciagro.umh.es\/files\/2021\/05\/image002-1.png\" \/>\n<meta name=\"twitter:card\" content=\"summary_large_image\" \/>\n<meta name=\"twitter:label1\" content=\"Est. reading time\" \/>\n\t<meta name=\"twitter:data1\" content=\"3 minutes\" \/>\n<script type=\"application\/ld+json\" class=\"yoast-schema-graph\">{\"@context\":\"https:\/\/schema.org\",\"@graph\":[{\"@type\":\"WebSite\",\"@id\":\"https:\/\/ciagro.umh.es\/#website\",\"url\":\"https:\/\/ciagro.umh.es\/\",\"name\":\"Instituto de Investigaci\\u00f3n e Innovaci\\u00f3n Agroalimentaria y Agroambiental de la UMH\",\"description\":\"Universidad Miguel Hern\\u00e1ndez de Elche\",\"potentialAction\":[{\"@type\":\"SearchAction\",\"target\":{\"@type\":\"EntryPoint\",\"urlTemplate\":\"https:\/\/ciagro.umh.es\/?s={search_term_string}\"},\"query-input\":\"required name=search_term_string\"}],\"inLanguage\":\"en-US\"},{\"@type\":\"ImageObject\",\"@id\":\"https:\/\/ciagro.umh.es\/en\/investigation\/projects\/#primaryimage\",\"inLanguage\":\"en-US\",\"url\":\"https:\/\/ciagro.umh.es\/files\/2021\/05\/image002-1.png\",\"contentUrl\":\"https:\/\/ciagro.umh.es\/files\/2021\/05\/image002-1.png\",\"width\":1400,\"height\":1052},{\"@type\":\"WebPage\",\"@id\":\"https:\/\/ciagro.umh.es\/en\/investigation\/projects\/#webpage\",\"url\":\"https:\/\/ciagro.umh.es\/en\/investigation\/projects\/\",\"name\":\"Projects - Instituto de Investigaci\\u00f3n e Innovaci\\u00f3n Agroalimentaria y Agroambiental de la UMH\",\"isPartOf\":{\"@id\":\"https:\/\/ciagro.umh.es\/#website\"},\"primaryImageOfPage\":{\"@id\":\"https:\/\/ciagro.umh.es\/en\/investigation\/projects\/#primaryimage\"},\"datePublished\":\"2021-05-26T19:20:17+00:00\",\"dateModified\":\"2026-03-13T13:50:35+00:00\",\"breadcrumb\":{\"@id\":\"https:\/\/ciagro.umh.es\/en\/investigation\/projects\/#breadcrumb\"},\"inLanguage\":\"en-US\",\"potentialAction\":[{\"@type\":\"ReadAction\",\"target\":[\"https:\/\/ciagro.umh.es\/en\/investigation\/projects\/\"]}]},{\"@type\":\"BreadcrumbList\",\"@id\":\"https:\/\/ciagro.umh.es\/en\/investigation\/projects\/#breadcrumb\",\"itemListElement\":[{\"@type\":\"ListItem\",\"position\":1,\"name\":\"Portada\",\"item\":\"https:\/\/ciagro.umh.es\/en\/\"},{\"@type\":\"ListItem\",\"position\":2,\"name\":\"INVESTIGATION\",\"item\":\"https:\/\/ciagro.umh.es\/en\/investigation\/\"},{\"@type\":\"ListItem\",\"position\":3,\"name\":\"Projects\"}]}]}<\/script>\n<!-- \/ Yoast SEO plugin. -->","yoast_head_json":{"title":"Projects - Instituto de Investigaci\u00f3n e Innovaci\u00f3n Agroalimentaria y Agroambiental de la UMH","robots":{"index":"index","follow":"follow","max-snippet":"max-snippet:-1","max-image-preview":"max-image-preview:large","max-video-preview":"max-video-preview:-1"},"canonical":"https:\/\/ciagro.umh.es\/en\/investigation\/projects\/","og_locale":"en_US","og_type":"article","og_title":"Projects - Instituto de Investigaci\u00f3n e Innovaci\u00f3n Agroalimentaria y Agroambiental de la UMH","og_description":"ProjectsCIAGRO comprises 67 tenured researchers and 24 associate researchers .. The institute's research team covers almost all disciplines within the agri-food and agro-environmental sectors, ranging from agricultural production and means of production to markets and distribution, including food processing and production. All of this is approached from an agro-environmental perspective that promotes biodiversity, resilience to [&hellip;]","og_url":"https:\/\/ciagro.umh.es\/en\/investigation\/projects\/","og_site_name":"Instituto de Investigaci\u00f3n e Innovaci\u00f3n Agroalimentaria y Agroambiental de la UMH","article_modified_time":"2026-03-13T13:50:35+00:00","og_image":[{"url":"https:\/\/ciagro.umh.es\/files\/2021\/05\/image002-1.png"}],"twitter_card":"summary_large_image","twitter_misc":{"Est. reading time":"3 minutes"},"schema":{"@context":"https:\/\/schema.org","@graph":[{"@type":"WebSite","@id":"https:\/\/ciagro.umh.es\/#website","url":"https:\/\/ciagro.umh.es\/","name":"Instituto de Investigaci\u00f3n e Innovaci\u00f3n Agroalimentaria y Agroambiental de la UMH","description":"Universidad Miguel Hern\u00e1ndez de Elche","potentialAction":[{"@type":"SearchAction","target":{"@type":"EntryPoint","urlTemplate":"https:\/\/ciagro.umh.es\/?s={search_term_string}"},"query-input":"required name=search_term_string"}],"inLanguage":"en-US"},{"@type":"ImageObject","@id":"https:\/\/ciagro.umh.es\/en\/investigation\/projects\/#primaryimage","inLanguage":"en-US","url":"https:\/\/ciagro.umh.es\/files\/2021\/05\/image002-1.png","contentUrl":"https:\/\/ciagro.umh.es\/files\/2021\/05\/image002-1.png","width":1400,"height":1052},{"@type":"WebPage","@id":"https:\/\/ciagro.umh.es\/en\/investigation\/projects\/#webpage","url":"https:\/\/ciagro.umh.es\/en\/investigation\/projects\/","name":"Projects - Instituto de Investigaci\u00f3n e Innovaci\u00f3n Agroalimentaria y Agroambiental de la UMH","isPartOf":{"@id":"https:\/\/ciagro.umh.es\/#website"},"primaryImageOfPage":{"@id":"https:\/\/ciagro.umh.es\/en\/investigation\/projects\/#primaryimage"},"datePublished":"2021-05-26T19:20:17+00:00","dateModified":"2026-03-13T13:50:35+00:00","breadcrumb":{"@id":"https:\/\/ciagro.umh.es\/en\/investigation\/projects\/#breadcrumb"},"inLanguage":"en-US","potentialAction":[{"@type":"ReadAction","target":["https:\/\/ciagro.umh.es\/en\/investigation\/projects\/"]}]},{"@type":"BreadcrumbList","@id":"https:\/\/ciagro.umh.es\/en\/investigation\/projects\/#breadcrumb","itemListElement":[{"@type":"ListItem","position":1,"name":"Portada","item":"https:\/\/ciagro.umh.es\/en\/"},{"@type":"ListItem","position":2,"name":"INVESTIGATION","item":"https:\/\/ciagro.umh.es\/en\/investigation\/"},{"@type":"ListItem","position":3,"name":"Projects"}]}]}},"_links":{"self":[{"href":"https:\/\/ciagro.umh.es\/en\/wp-json\/wp\/v2\/pages\/6391"}],"collection":[{"href":"https:\/\/ciagro.umh.es\/en\/wp-json\/wp\/v2\/pages"}],"about":[{"href":"https:\/\/ciagro.umh.es\/en\/wp-json\/wp\/v2\/types\/page"}],"author":[{"embeddable":true,"href":"https:\/\/ciagro.umh.es\/en\/wp-json\/wp\/v2\/users\/6351"}],"replies":[{"embeddable":true,"href":"https:\/\/ciagro.umh.es\/en\/wp-json\/wp\/v2\/comments?post=6391"}],"version-history":[{"count":0,"href":"https:\/\/ciagro.umh.es\/en\/wp-json\/wp\/v2\/pages\/6391\/revisions"}],"up":[{"embeddable":true,"href":"https:\/\/ciagro.umh.es\/en\/wp-json\/wp\/v2\/pages\/6407"}],"wp:attachment":[{"href":"https:\/\/ciagro.umh.es\/en\/wp-json\/wp\/v2\/media?parent=6391"}],"curies":[{"name":"wp","href":"https:\/\/api.w.org\/{rel}","templated":true}]}}