{"id":6361,"date":"2022-07-22T14:35:56","date_gmt":"2022-07-22T12:35:56","guid":{"rendered":"https:\/\/ciagro.umh.es\/estructura-administrativa\/"},"modified":"2026-03-12T12:13:47","modified_gmt":"2026-03-12T11:13:47","slug":"estructura-administrativa","status":"publish","type":"page","link":"https:\/\/ciagro.umh.es\/en\/estructura-administrativa\/","title":{"rendered":"Governing bodies"},"content":{"rendered":"<p>[et_pb_section fb_built=&#8221;1&#8243; _builder_version=&#8221;4.17.4&#8243; _module_preset=&#8221;default&#8221; global_colors_info=&#8221;{}&#8221;][et_pb_row _builder_version=&#8221;4.17.4&#8243; _module_preset=&#8221;default&#8221; custom_margin=&#8221;|auto|-25px|auto||&#8221; global_colors_info=&#8221;{}&#8221;][et_pb_column type=&#8221;4_4&#8243; _builder_version=&#8221;4.17.4&#8243; _module_preset=&#8221;default&#8221; global_colors_info=&#8221;{}&#8221;][et_pb_text _builder_version=&#8221;4.17.4&#8243; _module_preset=&#8221;default&#8221; global_colors_info=&#8221;{}&#8221;]<\/p>\n<h1>Governing bodies<\/h1>\n<p>[\/et_pb_text][\/et_pb_column][\/et_pb_row][et_pb_row _builder_version=&#8221;4.17.4&#8243; _module_preset=&#8221;default&#8221; global_colors_info=&#8221;{}&#8221;][et_pb_column type=&#8221;4_4&#8243; _builder_version=&#8221;4.17.4&#8243; _module_preset=&#8221;default&#8221; global_colors_info=&#8221;{}&#8221;][et_pb_text _builder_version=&#8221;4.17.4&#8243; _module_preset=&#8221;default&#8221; text_font_size=&#8221;16px&#8221; header_font_size=&#8221;20px&#8221; header_letter_spacing=&#8221;1px&#8221; header_line_height=&#8221;1.1em&#8221; header_4_font_size=&#8221;16px&#8221; header_4_letter_spacing=&#8221;1px&#8221; header_4_line_height=&#8221;1.2em&#8221; global_colors_info=&#8221;{}&#8221;]<\/p>\n<p>The CIAGRO-UMH is structured with an Institute Director, Ra\u00fal Moral Herrero, a Deputy Institute Director, Mar\u00eda Serrano Mula, and an Institute Secretary, Manuel Viuda Martos. In addition, the Director, Deputy Director, and Secretary are supported by the Institute&#8217;s Advisory Board, which comprises six representatives from each of the specific research areas, as well as representatives from each of the three internal committees within the CIAGRO-UMH.<\/p>\n<p>The governing bodies of CIAGRO-UMH and their structure are as follows:<\/p>\n<p>[\/et_pb_text][\/et_pb_column][\/et_pb_row][et_pb_row _builder_version=&#8221;4.17.4&#8243; _module_preset=&#8221;default&#8221; global_colors_info=&#8221;{}&#8221;][et_pb_column type=&#8221;4_4&#8243; _builder_version=&#8221;4.17.4&#8243; _module_preset=&#8221;default&#8221; global_colors_info=&#8221;{}&#8221;][et_pb_image src=&#8221;https:\/\/ciagro.umh.es\/files\/2022\/07\/Organos_Gobierno_CIAGRO.jpg&#8221; title_text=&#8221;Organos_Gobierno_CIAGRO&#8221; align=&#8221;center&#8221; disabled_on=&#8221;on|on|on&#8221; _builder_version=&#8221;4.17.4&#8243; _module_preset=&#8221;default&#8221; disabled=&#8221;on&#8221; global_colors_info=&#8221;{}&#8221;][\/et_pb_image][et_pb_text _builder_version=&#8221;4.17.4&#8243; _module_preset=&#8221;default&#8221; global_colors_info=&#8221;{}&#8221;]<\/p>\n<h2 style=\"text-align: center;\"><strong>CIAGRO Institute Directorate<\/strong><\/h2>\n<p>&nbsp;<\/p>\n<p style=\"text-align: center;\"><em>Director<\/em>: <span style=\"font-size: medium;\"><strong>Ra\u00fal Moral Herrero<\/strong><\/span>; Catedr\u00e1tico de Universidad, \u00c1rea: Edafolog\u00eda\u00a0 y qu\u00edmica agr\u00edcola<\/p>\n<p style=\"text-align: center;\"><em>Subdirectora<\/em>: <span style=\"font-size: medium;\"><strong>Mar\u00eda Serrano Mula<\/strong><\/span>; Catedr\u00e1tica de Universidad, \u00c1rea: Fisiolog\u00eda vegetal<\/p>\n<p style=\"text-align: center;\"><em>Secretario<\/em>: <span style=\"font-size: medium;\"><strong>Manuel Viuda Martos<\/strong><\/span>; Profesor Titular de Universidad, \u00c1rea: Tecnolog\u00eda de Alimentos<\/p>\n<h2 style=\"text-align: center;\"><strong>Consejo de Direcci\u00f3n:<\/strong><\/h2>\n<p>&nbsp;<\/p>\n<h5 style=\"text-align: center;\"><strong>L\u00ednea 1: Mercados, calidad seguridad y salud de los alimentos<\/strong><\/h5>\n<p style=\"text-align: center;\"><em>Representante<\/em><strong>: <span style=\"font-size: medium;\">\u00c1ngel Carbonell Barrachina<\/span><\/strong>; Catedr\u00e1tico de Universidad, Area: Tecnolog\u00eda de Alimentos<\/p>\n<h5 style=\"text-align: center;\"><strong>L\u00ednea 2: Tecnolog\u00edas Innovadoras para el desarrollo de alimentos<\/strong><\/h5>\n<p style=\"text-align: center;\"><em>Representante<\/em><strong>: <span style=\"font-size: medium;\">Mar\u00eda Jos\u00e9 Argente Carrascosa<\/span><\/strong>, Profesor Titular de Universidad, \u00c1rea: Producci\u00f3n Animal<\/p>\n<h5 style=\"text-align: center;\"><strong>L\u00ednea 3: Tecnolog\u00edas Innovadoras para una producci\u00f3n primaria sostenible e inteligente<\/strong><\/h5>\n<p style=\"text-align: center;\"><em>Representante<\/em><strong>: <span style=\"font-size: medium;\">Santiago Garc\u00eda Mart\u00ednez<\/span><\/strong>; Profesor Titular de Universidad, \u00c1rea: Gen\u00e9tica<\/p>\n<h5 style=\"text-align: center;\"><strong>L\u00ednea 4: Biodiversidad y servicios Ecosist\u00e9micos<\/strong><\/h5>\n<p style=\"text-align: center;\"><em>Representante<\/em><strong>: <span style=\"font-size: medium;\">Jos\u00e9 Antonio S\u00e1nchez Zapata<\/span><\/strong>; Catedr\u00e1tico de Universidad, \u00c1rea: Ecolog\u00eda<\/p>\n<h5 style=\"text-align: center;\"><strong>L\u00ednea 5: Cambio Clim\u00e1tico y gesti\u00f3n sostenible de los recursos agroalimentarios (suelo, agua y energ\u00eda)<\/strong><\/h5>\n<p style=\"text-align: center;\"><em>Representante<\/em><strong>: <span style=\"font-size: medium;\">Ricardo Abad\u00eda S\u00e1nchez<\/span><\/strong>; Profesor Titular de Universidad, \u00c1rea: Ingenier\u00eda Agroforestal<\/p>\n<h5 style=\"text-align: center;\"><strong>L\u00ednea 6: Sostenibilidad de Sistemas socioecologicos<\/strong><\/h5>\n<p style=\"text-align: center;\"><em>Representante<\/em><strong>: <span style=\"color: #666666; font-size: medium;\">Margarita Brugarolas Moll\u00e1-Bauz\u00e1<\/span><\/strong>; Profesor Titular de Universidad, \u00c1rea: Econom\u00eda sociolog\u00eda y pol\u00edtica<\/p>\n<p>[\/et_pb_text][\/et_pb_column][\/et_pb_row][\/et_pb_section]<\/p>\n","protected":false},"excerpt":{"rendered":"<p>Governing bodiesThe CIAGRO-UMH is structured with an Institute Director, Ra\u00fal Moral Herrero, a Deputy Institute Director, Mar\u00eda Serrano Mula, and an Institute Secretary, Manuel Viuda Martos. In addition, the Director, Deputy Director, and Secretary are supported by the Institute&#8217;s Advisory Board, which comprises six representatives from each of the specific research areas, as well as [&hellip;]<\/p>\n","protected":false},"author":6497,"featured_media":0,"parent":0,"menu_order":0,"comment_status":"closed","ping_status":"closed","template":"","meta":{"_et_pb_use_builder":"on","_et_pb_old_content":"","_et_gb_content_width":"","_links_to":"","_links_to_target":""},"yoast_head":"<!-- This site is optimized with the Yoast SEO plugin v17.5 - https:\/\/yoast.com\/wordpress\/plugins\/seo\/ -->\n<title>Governing bodies - Instituto de Investigaci\u00f3n e Innovaci\u00f3n Agroalimentaria y Agroambiental de la UMH<\/title>\n<meta name=\"robots\" content=\"index, follow, max-snippet:-1, max-image-preview:large, max-video-preview:-1\" \/>\n<link rel=\"canonical\" href=\"https:\/\/ciagro.umh.es\/en\/estructura-administrativa\/\" \/>\n<meta property=\"og:locale\" content=\"en_US\" \/>\n<meta property=\"og:type\" content=\"article\" \/>\n<meta property=\"og:title\" content=\"Governing bodies - Instituto de Investigaci\u00f3n e Innovaci\u00f3n Agroalimentaria y Agroambiental de la UMH\" \/>\n<meta property=\"og:description\" content=\"Governing bodiesThe CIAGRO-UMH is structured with an Institute Director, Ra\u00fal Moral Herrero, a Deputy Institute Director, Mar\u00eda Serrano Mula, and an Institute Secretary, Manuel Viuda Martos. In addition, the Director, Deputy Director, and Secretary are supported by the Institute&#039;s Advisory Board, which comprises six representatives from each of the specific research areas, as well as [&hellip;]\" \/>\n<meta property=\"og:url\" content=\"https:\/\/ciagro.umh.es\/en\/estructura-administrativa\/\" \/>\n<meta property=\"og:site_name\" content=\"Instituto de Investigaci\u00f3n e Innovaci\u00f3n Agroalimentaria y Agroambiental de la UMH\" \/>\n<meta property=\"article:modified_time\" content=\"2026-03-12T11:13:47+00:00\" \/>\n<meta name=\"twitter:card\" content=\"summary_large_image\" \/>\n<meta name=\"twitter:label1\" content=\"Est. reading time\" \/>\n\t<meta name=\"twitter:data1\" content=\"2 minutes\" \/>\n<script type=\"application\/ld+json\" class=\"yoast-schema-graph\">{\"@context\":\"https:\/\/schema.org\",\"@graph\":[{\"@type\":\"WebSite\",\"@id\":\"https:\/\/ciagro.umh.es\/#website\",\"url\":\"https:\/\/ciagro.umh.es\/\",\"name\":\"Instituto de Investigaci\\u00f3n e Innovaci\\u00f3n Agroalimentaria y Agroambiental de la UMH\",\"description\":\"Universidad Miguel Hern\\u00e1ndez de Elche\",\"potentialAction\":[{\"@type\":\"SearchAction\",\"target\":{\"@type\":\"EntryPoint\",\"urlTemplate\":\"https:\/\/ciagro.umh.es\/?s={search_term_string}\"},\"query-input\":\"required name=search_term_string\"}],\"inLanguage\":\"en-US\"},{\"@type\":\"WebPage\",\"@id\":\"https:\/\/ciagro.umh.es\/en\/estructura-administrativa\/#webpage\",\"url\":\"https:\/\/ciagro.umh.es\/en\/estructura-administrativa\/\",\"name\":\"Governing bodies - Instituto de Investigaci\\u00f3n e Innovaci\\u00f3n Agroalimentaria y Agroambiental de la UMH\",\"isPartOf\":{\"@id\":\"https:\/\/ciagro.umh.es\/#website\"},\"datePublished\":\"2022-07-22T12:35:56+00:00\",\"dateModified\":\"2026-03-12T11:13:47+00:00\",\"breadcrumb\":{\"@id\":\"https:\/\/ciagro.umh.es\/en\/estructura-administrativa\/#breadcrumb\"},\"inLanguage\":\"en-US\",\"potentialAction\":[{\"@type\":\"ReadAction\",\"target\":[\"https:\/\/ciagro.umh.es\/en\/estructura-administrativa\/\"]}]},{\"@type\":\"BreadcrumbList\",\"@id\":\"https:\/\/ciagro.umh.es\/en\/estructura-administrativa\/#breadcrumb\",\"itemListElement\":[{\"@type\":\"ListItem\",\"position\":1,\"name\":\"Portada\",\"item\":\"https:\/\/ciagro.umh.es\/en\/\"},{\"@type\":\"ListItem\",\"position\":2,\"name\":\"Governing bodies\"}]}]}<\/script>\n<!-- \/ Yoast SEO plugin. -->","yoast_head_json":{"title":"Governing bodies - Instituto de Investigaci\u00f3n e Innovaci\u00f3n Agroalimentaria y Agroambiental de la UMH","robots":{"index":"index","follow":"follow","max-snippet":"max-snippet:-1","max-image-preview":"max-image-preview:large","max-video-preview":"max-video-preview:-1"},"canonical":"https:\/\/ciagro.umh.es\/en\/estructura-administrativa\/","og_locale":"en_US","og_type":"article","og_title":"Governing bodies - Instituto de Investigaci\u00f3n e Innovaci\u00f3n Agroalimentaria y Agroambiental de la UMH","og_description":"Governing bodiesThe CIAGRO-UMH is structured with an Institute Director, Ra\u00fal Moral Herrero, a Deputy Institute Director, Mar\u00eda Serrano Mula, and an Institute Secretary, Manuel Viuda Martos. In addition, the Director, Deputy Director, and Secretary are supported by the Institute's Advisory Board, which comprises six representatives from each of the specific research areas, as well as [&hellip;]","og_url":"https:\/\/ciagro.umh.es\/en\/estructura-administrativa\/","og_site_name":"Instituto de Investigaci\u00f3n e Innovaci\u00f3n Agroalimentaria y Agroambiental de la UMH","article_modified_time":"2026-03-12T11:13:47+00:00","twitter_card":"summary_large_image","twitter_misc":{"Est. reading time":"2 minutes"},"schema":{"@context":"https:\/\/schema.org","@graph":[{"@type":"WebSite","@id":"https:\/\/ciagro.umh.es\/#website","url":"https:\/\/ciagro.umh.es\/","name":"Instituto de Investigaci\u00f3n e Innovaci\u00f3n Agroalimentaria y Agroambiental de la UMH","description":"Universidad Miguel Hern\u00e1ndez de Elche","potentialAction":[{"@type":"SearchAction","target":{"@type":"EntryPoint","urlTemplate":"https:\/\/ciagro.umh.es\/?s={search_term_string}"},"query-input":"required name=search_term_string"}],"inLanguage":"en-US"},{"@type":"WebPage","@id":"https:\/\/ciagro.umh.es\/en\/estructura-administrativa\/#webpage","url":"https:\/\/ciagro.umh.es\/en\/estructura-administrativa\/","name":"Governing bodies - Instituto de Investigaci\u00f3n e Innovaci\u00f3n Agroalimentaria y Agroambiental de la UMH","isPartOf":{"@id":"https:\/\/ciagro.umh.es\/#website"},"datePublished":"2022-07-22T12:35:56+00:00","dateModified":"2026-03-12T11:13:47+00:00","breadcrumb":{"@id":"https:\/\/ciagro.umh.es\/en\/estructura-administrativa\/#breadcrumb"},"inLanguage":"en-US","potentialAction":[{"@type":"ReadAction","target":["https:\/\/ciagro.umh.es\/en\/estructura-administrativa\/"]}]},{"@type":"BreadcrumbList","@id":"https:\/\/ciagro.umh.es\/en\/estructura-administrativa\/#breadcrumb","itemListElement":[{"@type":"ListItem","position":1,"name":"Portada","item":"https:\/\/ciagro.umh.es\/en\/"},{"@type":"ListItem","position":2,"name":"Governing bodies"}]}]}},"_links":{"self":[{"href":"https:\/\/ciagro.umh.es\/en\/wp-json\/wp\/v2\/pages\/6361"}],"collection":[{"href":"https:\/\/ciagro.umh.es\/en\/wp-json\/wp\/v2\/pages"}],"about":[{"href":"https:\/\/ciagro.umh.es\/en\/wp-json\/wp\/v2\/types\/page"}],"author":[{"embeddable":true,"href":"https:\/\/ciagro.umh.es\/en\/wp-json\/wp\/v2\/users\/6497"}],"replies":[{"embeddable":true,"href":"https:\/\/ciagro.umh.es\/en\/wp-json\/wp\/v2\/comments?post=6361"}],"version-history":[{"count":0,"href":"https:\/\/ciagro.umh.es\/en\/wp-json\/wp\/v2\/pages\/6361\/revisions"}],"wp:attachment":[{"href":"https:\/\/ciagro.umh.es\/en\/wp-json\/wp\/v2\/media?parent=6361"}],"curies":[{"name":"wp","href":"https:\/\/api.w.org\/{rel}","templated":true}]}}