{"id":6352,"date":"2021-05-26T20:14:56","date_gmt":"2021-05-26T18:14:56","guid":{"rendered":"https:\/\/ciagro.umh.es\/objetivos\/"},"modified":"2026-03-12T12:10:33","modified_gmt":"2026-03-12T11:10:33","slug":"objetivos","status":"publish","type":"page","link":"https:\/\/ciagro.umh.es\/en\/objetivos\/","title":{"rendered":"Objective"},"content":{"rendered":"<p>[et_pb_section fb_built=&#8221;1&#8243; _builder_version=&#8221;4.16&#8243; global_colors_info=&#8221;{}&#8221;][et_pb_row _builder_version=&#8221;4.16&#8243; background_size=&#8221;initial&#8221; background_position=&#8221;top_left&#8221; background_repeat=&#8221;repeat&#8221; custom_margin=&#8221;||||false|false&#8221; global_colors_info=&#8221;{}&#8221;][et_pb_column type=&#8221;4_4&#8243; _builder_version=&#8221;4.16&#8243; custom_padding=&#8221;|||&#8221; global_colors_info=&#8221;{}&#8221; custom_padding__hover=&#8221;|||&#8221;][et_pb_text _builder_version=&#8221;4.17.4&#8243; header_font_size=&#8221;40px&#8221; min_height=&#8221;75px&#8221; min_height_tablet=&#8221;&#8221; min_height_phone=&#8221;&#8221; min_height_last_edited=&#8221;on|phone&#8221; custom_margin_tablet=&#8221;&#8221; custom_margin_phone=&#8221;||5px||false|false&#8221; custom_margin_last_edited=&#8221;on|phone&#8221; header_text_align_tablet=&#8221;&#8221; header_text_align_phone=&#8221;center&#8221; header_text_align_last_edited=&#8221;on|phone&#8221; header_text_color_tablet=&#8221;&#8221; header_text_color_phone=&#8221;&#8221; header_text_color_last_edited=&#8221;on|phone&#8221; header_font_size_tablet=&#8221;&#8221; header_font_size_phone=&#8221;30px&#8221; header_font_size_last_edited=&#8221;on|tablet&#8221; global_colors_info=&#8221;{}&#8221;]<\/p>\n<h1>OBJECTIVE<\/h1>\n<p>[\/et_pb_text][\/et_pb_column][\/et_pb_row][et_pb_row column_structure=&#8221;2_5,3_5&#8243; custom_padding_last_edited=&#8221;on|phone&#8221; admin_label=&#8221;Objetivos 1&#8243; _builder_version=&#8221;4.16&#8243; background_color=&#8221;rgba(215,226,65,0.65)&#8221; width=&#8221;89%&#8221; width_tablet=&#8221;&#8221; width_phone=&#8221;&#8221; width_last_edited=&#8221;on|phone&#8221; custom_margin=&#8221;-16px|-89px||214px||&#8221; custom_margin_tablet=&#8221;|auto||auto|false|false&#8221; custom_margin_phone=&#8221;|auto||auto|false|false&#8221; custom_margin_last_edited=&#8221;on|desktop&#8221; custom_padding=&#8221;|16px||22px|false|false&#8221; custom_padding_tablet=&#8221;&#8221; custom_padding_phone=&#8221;||||false|false&#8221; global_colors_info=&#8221;{}&#8221;][et_pb_column type=&#8221;2_5&#8243; admin_label=&#8221;Imagen&#8221; _builder_version=&#8221;4.16&#8243; global_colors_info=&#8221;{}&#8221;][et_pb_image src=&#8221;https:\/\/ciagro.umh.es\/files\/2021\/07\/UMH-Campus-Desamparados-Orihuela-15727.jpg&#8221; src_tablet=&#8221;https:\/\/ciagro.umh.es\/files\/2021\/07\/UMH-Campus-Desamparados-Orihuela-15727.jpg&#8221; src_phone=&#8221;https:\/\/ciagro.umh.es\/files\/2021\/07\/UMH-Campus-Desamparados-Orihuela-15727.jpg&#8221; src_last_edited=&#8221;on|tablet&#8221; align_tablet=&#8221;&#8221; align_phone=&#8221;center&#8221; align_last_edited=&#8221;on|phone&#8221; _builder_version=&#8221;4.16&#8243; width_tablet=&#8221;&#8221; width_phone=&#8221;80%&#8221; width_last_edited=&#8221;on|phone&#8221; global_colors_info=&#8221;{}&#8221;][\/et_pb_image][\/et_pb_column][et_pb_column type=&#8221;3_5&#8243; _builder_version=&#8221;4.16&#8243; global_colors_info=&#8221;{}&#8221;][et_pb_text content_tablet=&#8221;<\/p>\n<h2>Fomentar la sinergias y competitividad en las tareas investigadoras,<\/h2>\n<h4>a partir de la actuaci\u00f3n conjunta y coordinada de los grupos de investigaci\u00f3n que lo integran.<\/h4>\n<h2>Divulgar, informar, transmitir y concienciar a la sociedad,<\/h2>\n<h4>de la importancia de la ciencia y del conocimiento en general, as\u00ed como de los avances realizados en el propio centro.<\/h4>\n<p>&#8221; content_phone=&#8221;<\/p>\n<h2>Fomentar la sinergias y competitividad en las tareas investigadoras,<\/h2>\n<h4>a partir de la actuaci\u00f3n conjunta y coordinada de los grupos de investigaci\u00f3n que lo integran.<\/h4>\n<h2>Divulgar, informar, transmitir y concienciar a la sociedad,<\/h2>\n<h4>de la importancia de la ciencia y del conocimiento en general, as\u00ed como de los avances realizados en el propio centro.<\/h4>\n<p>&#8221; content_last_edited=&#8221;on|tablet&#8221; _builder_version=&#8221;4.17.4&#8243; text_line_height=&#8221;2em&#8221; header_text_align=&#8221;left&#8221; header_font_size=&#8221;25px&#8221; header_line_height=&#8221;1.2em&#8221; header_2_text_color=&#8221;#3d1f1f&#8221; header_2_font_size=&#8221;23px&#8221; header_2_line_height=&#8221;1.3em&#8221; header_4_text_color=&#8221;#00a09b&#8221; header_4_line_height=&#8221;1.3em&#8221; custom_margin=&#8221;2px|||||&#8221; custom_padding=&#8221;0px|11px||22px|false|false&#8221; custom_padding_tablet=&#8221;&#8221; custom_padding_phone=&#8221;0px||||false|false&#8221; custom_padding_last_edited=&#8221;on|phone&#8221; header_2_font_size_tablet=&#8221;&#8221; header_2_font_size_phone=&#8221;18px&#8221; header_2_font_size_last_edited=&#8221;on|phone&#8221; header_4_font_size_tablet=&#8221;&#8221; header_4_font_size_phone=&#8221;15px&#8221; header_4_font_size_last_edited=&#8221;on|tablet&#8221; global_colors_info=&#8221;{}&#8221;]<\/p>\n<h2>To foster synergies and competitiveness in research tasks,<\/h2>\n<h4>through the joint and coordinated action of the research groups that comprise it.<\/h4>\n<h2>To disseminate, inform, transmit and raise awareness in society,<\/h2>\n<h4>about the importance of science and knowledge in general, as well as the progress made at the institute itself.<\/h4>\n<p>[\/et_pb_text][\/et_pb_column][\/et_pb_row][et_pb_row column_structure=&#8221;3_5,2_5&#8243; _builder_version=&#8221;4.16&#8243; background_color=&#8221;rgba(62,24,24,0.83)&#8221; width_tablet=&#8221;&#8221; width_phone=&#8221;&#8221; width_last_edited=&#8221;on|desktop&#8221; custom_margin=&#8221;50px|214px||auto||&#8221; custom_margin_tablet=&#8221;&#8221; custom_margin_phone=&#8221;|auto|||false|false&#8221; custom_margin_last_edited=&#8221;on|phone&#8221; custom_padding=&#8221;|22px||36px|false|false&#8221; global_colors_info=&#8221;{}&#8221;][et_pb_column type=&#8221;3_5&#8243; _builder_version=&#8221;4.16&#8243; global_colors_info=&#8221;{}&#8221;][et_pb_text _builder_version=&#8221;4.17.4&#8243; header_text_color=&#8221;#FFFFFF&#8221; header_2_text_color=&#8221;#FFFFFF&#8221; header_2_font_size=&#8221;23px&#8221; header_2_line_height=&#8221;1.3em&#8221; header_3_text_color=&#8221;#FFFFFF&#8221; header_4_text_color=&#8221;#55bab7&#8243; header_4_line_height=&#8221;1.3em&#8221; min_height=&#8221;174px&#8221; custom_margin=&#8221;||3px|||&#8221; custom_margin_tablet=&#8221;&#8221; custom_margin_phone=&#8221;&#8221; custom_margin_last_edited=&#8221;on|phone&#8221; custom_padding=&#8221;21px|||||&#8221; header_2_font_size_tablet=&#8221;&#8221; header_2_font_size_phone=&#8221;18px&#8221; header_2_font_size_last_edited=&#8221;on|phone&#8221; header_4_font_size_tablet=&#8221;&#8221; header_4_font_size_phone=&#8221;15px&#8221; header_4_font_size_last_edited=&#8221;on|phone&#8221; global_colors_info=&#8221;{}&#8221;]<\/p>\n<h2>The institute is designed with an interdisciplinary approach in order to adequately address the needs of the university community and the challenges of society.<\/h2>\n<h4>It seeks to enhance the training of research personnel (doctoral studies) and promote the implementation of postgraduate and specialized training courses.<\/h4>\n<p>[\/et_pb_text][\/et_pb_column][et_pb_column type=&#8221;2_5&#8243; _builder_version=&#8221;4.16&#8243; global_colors_info=&#8221;{}&#8221;][et_pb_image src=&#8221;https:\/\/ciagro.umh.es\/files\/2021\/07\/UMH-Campus-Desamparados-Orihuela-15469.jpg&#8221; _builder_version=&#8221;4.16&#8243; global_colors_info=&#8221;{}&#8221;][\/et_pb_image][\/et_pb_column][\/et_pb_row][et_pb_row column_structure=&#8221;2_5,3_5&#8243; _builder_version=&#8221;4.16&#8243; background_color=&#8221;rgba(59,186,181,0.77)&#8221; custom_margin=&#8221;50px|auto|50px|214px||&#8221; custom_margin_tablet=&#8221;&#8221; custom_margin_phone=&#8221;50px||auto|auto|false|false&#8221; custom_margin_last_edited=&#8221;on|phone&#8221; custom_padding=&#8221;|20px||22px|false|false&#8221; global_colors_info=&#8221;{}&#8221;][et_pb_column type=&#8221;2_5&#8243; _builder_version=&#8221;4.16&#8243; global_colors_info=&#8221;{}&#8221;][et_pb_image src=&#8221;https:\/\/ciagro.umh.es\/files\/2021\/07\/UMH-Campus-Desamparados-Orihuela-16850.jpg&#8221; _builder_version=&#8221;4.16&#8243; custom_margin=&#8221;||12px|||&#8221; custom_padding=&#8221;14px|||||&#8221; global_colors_info=&#8221;{}&#8221;][\/et_pb_image][\/et_pb_column][et_pb_column type=&#8221;3_5&#8243; _builder_version=&#8221;4.16&#8243; global_colors_info=&#8221;{}&#8221;][et_pb_text _builder_version=&#8221;4.17.4&#8243; header_2_text_color=&#8221;#FFFFFF&#8221; header_2_font_size=&#8221;23px&#8221; header_2_line_height=&#8221;1.3em&#8221; header_4_text_color=&#8221;#603e31&#8243; header_4_line_height=&#8221;1.3em&#8221; custom_padding=&#8221;10px|||||&#8221; header_2_font_size_tablet=&#8221;&#8221; header_2_font_size_phone=&#8221;18px&#8221; header_2_font_size_last_edited=&#8221;on|phone&#8221; header_4_font_size_tablet=&#8221;&#8221; header_4_font_size_phone=&#8221;15px&#8221; header_4_font_size_last_edited=&#8221;on|phone&#8221; global_colors_info=&#8221;{}&#8221;]<\/p>\n<h2>Increase the transfer of technology from UMH to the productive sector,<\/h2>\n<h4>Offering comprehensive solutions that respond more broadly to the needs of the agri-food production sector and to the agro-environmental challenges of society, such as climate change and biodiversity.<\/h4>\n<h2>Prioritize a vision focused on the challenges of society<\/h2>\n<h4>Thus contributing to the development and improvement of the social environment and well-being<\/h4>\n<p>[\/et_pb_text][\/et_pb_column][\/et_pb_row][et_pb_row column_structure=&#8221;3_5,2_5&#8243; custom_padding_last_edited=&#8221;on|phone&#8221; _builder_version=&#8221;4.16&#8243; background_color=&#8221;rgba(215,226,65,0.65)&#8221; custom_margin=&#8221;|214px||auto||&#8221; custom_margin_tablet=&#8221;&#8221; custom_margin_phone=&#8221;50px|auto|||false|false&#8221; custom_margin_last_edited=&#8221;on|phone&#8221; custom_padding=&#8221;5px|22px||32px|false|false&#8221; custom_padding_tablet=&#8221;&#8221; custom_padding_phone=&#8221;||||false|false&#8221; global_colors_info=&#8221;{}&#8221;][et_pb_column type=&#8221;3_5&#8243; _builder_version=&#8221;4.16&#8243; global_colors_info=&#8221;{}&#8221;][et_pb_text _builder_version=&#8221;4.17.4&#8243; header_line_height=&#8221;1.3em&#8221; header_2_text_color=&#8221;#3d2626&#8243; header_2_font_size=&#8221;23px&#8221; header_2_line_height=&#8221;1.2em&#8221; header_3_font_size=&#8221;20px&#8221; header_3_line_height=&#8221;1.3em&#8221; header_4_text_color=&#8221;#00bab3&#8243; header_4_line_height=&#8221;1.3em&#8221; custom_margin=&#8221;34px|||||&#8221; custom_padding=&#8221;||0px|||&#8221; header_2_font_size_tablet=&#8221;&#8221; header_2_font_size_phone=&#8221;18px&#8221; header_2_font_size_last_edited=&#8221;on|phone&#8221; header_4_font_size_tablet=&#8221;&#8221; header_4_font_size_phone=&#8221;15px&#8221; header_4_font_size_last_edited=&#8221;on|phone&#8221; global_colors_info=&#8221;{}&#8221;]<\/p>\n<h2>To enhance the acquisition of economic and human resources,<\/h2>\n<h4>as well as equipment, infrastructure and technical resources necessary for research.<\/h4>\n<h2>To enhance the capabilities of Research, Development and Innovation (I+D+I )and strengthen public-private collaborations to increase investment.<\/h2>\n<h4><\/h4>\n<p>[\/et_pb_text][\/et_pb_column][et_pb_column type=&#8221;2_5&#8243; _builder_version=&#8221;4.16&#8243; global_colors_info=&#8221;{}&#8221;][et_pb_image src=&#8221;https:\/\/ciagro.umh.es\/files\/2021\/07\/UMH-Campus-Desamparados-Orihuela-15687.jpg&#8221; _builder_version=&#8221;4.16&#8243; width=&#8221;96%&#8221; custom_margin=&#8221;||-2px|-1px||&#8221; custom_padding=&#8221;30px|0px|1px|||&#8221; custom_padding_tablet=&#8221;&#8221; custom_padding_phone=&#8221;0px||||false|false&#8221; custom_padding_last_edited=&#8221;on|phone&#8221; global_colors_info=&#8221;{}&#8221;][\/et_pb_image][\/et_pb_column][\/et_pb_row][et_pb_row column_structure=&#8221;2_5,3_5&#8243; _builder_version=&#8221;4.16&#8243; background_color=&#8221;rgba(62,24,24,0.83)&#8221; custom_margin=&#8221;50px|auto||214px|false|false&#8221; custom_margin_tablet=&#8221;&#8221; custom_margin_phone=&#8221;|||auto|false|false&#8221; custom_margin_last_edited=&#8221;on|phone&#8221; custom_padding=&#8221;28px|22px||22px|false|false&#8221; global_colors_info=&#8221;{}&#8221;][et_pb_column type=&#8221;2_5&#8243; _builder_version=&#8221;4.16&#8243; global_colors_info=&#8221;{}&#8221;][et_pb_image src=&#8221;https:\/\/ciagro.umh.es\/files\/2021\/07\/UMH-Campus-Desamparados-Orihuela-16046.jpg&#8221; _builder_version=&#8221;4.16&#8243; custom_margin=&#8221;36px|||||&#8221; custom_margin_tablet=&#8221;&#8221; custom_margin_phone=&#8221;&#8221; custom_margin_last_edited=&#8221;on|phone&#8221; custom_padding=&#8221;|||10px||&#8221; global_colors_info=&#8221;{}&#8221;][\/et_pb_image][\/et_pb_column][et_pb_column type=&#8221;3_5&#8243; _builder_version=&#8221;4.16&#8243; global_colors_info=&#8221;{}&#8221;][et_pb_text _builder_version=&#8221;4.17.4&#8243; header_2_text_color=&#8221;#FFFFFF&#8221; header_2_font_size=&#8221;23px&#8221; header_2_line_height=&#8221;1.3em&#8221; header_4_text_color=&#8221;#55bab7&#8243; header_4_line_height=&#8221;1.3em&#8221; header_2_font_size_tablet=&#8221;&#8221; header_2_font_size_phone=&#8221;18px&#8221; header_2_font_size_last_edited=&#8221;on|phone&#8221; header_4_font_size_tablet=&#8221;&#8221; header_4_font_size_phone=&#8221;15px&#8221; header_4_font_size_last_edited=&#8221;on|phone&#8221; global_colors_info=&#8221;{}&#8221;]<\/p>\n<h4><\/h4>\n<h2>Working towards the achievement of the Sustainable Development Goals (SDGs) and contributing to a sustainable knowledge-based economy,<\/h2>\n<h4>as well as the Bioeconomy Strategy 2030, and the Biodiversity Strategy.<\/h4>\n<h2>To enable the submission of proposals to<\/h2>\n<h4>&#8211; Public funding opportunities (infrastructure, large equipment, conferences\u2026) with a high probability of success<\/h4>\n<h4>&#8211; More ambitious comprehensive projects at the regional, national and international levels (especially in the European sphere).<\/h4>\n<p>[\/et_pb_text][\/et_pb_column][\/et_pb_row][\/et_pb_section]<\/p>\n","protected":false},"excerpt":{"rendered":"<p>OBJECTIVETo foster synergies and competitiveness in research tasks, through the joint and coordinated action of the research groups that comprise it. To disseminate, inform, transmit and raise awareness in society, about the importance of science and knowledge in general, as well as the progress made at the institute itself.The institute is designed with an interdisciplinary [&hellip;]<\/p>\n","protected":false},"author":6351,"featured_media":0,"parent":0,"menu_order":0,"comment_status":"closed","ping_status":"closed","template":"","meta":{"_et_pb_use_builder":"on","_et_pb_old_content":"<!--:es-->La agrupaci\u00f3n de Personal Docente e Investigador de diferentes disciplinas cient\u00edficas en los \u00e1mbitos Agroalimentario y Agroambiental en un Centro de Investigaci\u00f3n e Innovaci\u00f3n, producir\u00e1 evidentes beneficios tanto para los grupos de investigaci\u00f3n integrantes como para la UMH, entre los que cabe destacar:\r\n<ol>\r\n \t<li><strong>Fomentar sinergias entre los grupos de investigaci\u00f3n<\/strong> dando respuestas multidisciplinares a los retos de sociedad.<\/li>\r\n \t<li>Posibilitar la presentaci\u00f3n de <strong>propuestas a convocatorias p\u00fablicas de financiaci\u00f3n<\/strong> (infraestructuras, grandes equipos, congresos...) con grandes probabilidades de \u00e9xito, como demuestra la experiencia de la EPSO.<\/li>\r\n \t<li>Posibilitar la presentaci\u00f3n de <strong>propuestas de proyectos integrales m\u00e1s ambiciosos<\/strong> tanto a nivel <strong>regional<\/strong>, como a nivel <strong>nacional e internacional<\/strong> (especialmente en el \u00e1mbito europeo).<\/li>\r\n \t<li>Posibilitar la<strong> optimizaci\u00f3n de espacios<\/strong>, as\u00ed como de los <strong>recursos de investigaci\u00f3n<\/strong> y de gesti\u00f3n para la investigaci\u00f3n.<\/li>\r\n<\/ol>\r\nIncrementar la transferencia tecnol\u00f3gica de la UMH al sector productivo, pudiendo<strong> ofrecer soluciones integrales<\/strong> que respondan de forma m\u00e1s amplia a las<strong> necesidades del sector productivo agroalimentario<\/strong> y a los retos de la sociedad, en particular a los retos agroambientales como el <strong>cambio clim\u00e1tico y la biodiversidad<\/strong><!--:-->","_et_gb_content_width":"","_links_to":"","_links_to_target":""},"yoast_head":"<!-- This site is optimized with the Yoast SEO plugin v17.5 - https:\/\/yoast.com\/wordpress\/plugins\/seo\/ -->\n<title>Objective - Instituto de Investigaci\u00f3n e Innovaci\u00f3n Agroalimentaria y Agroambiental de la UMH<\/title>\n<meta name=\"robots\" content=\"index, follow, max-snippet:-1, max-image-preview:large, max-video-preview:-1\" \/>\n<link rel=\"canonical\" href=\"https:\/\/ciagro.umh.es\/en\/objetivos\/\" \/>\n<meta property=\"og:locale\" content=\"en_US\" \/>\n<meta property=\"og:type\" content=\"article\" \/>\n<meta property=\"og:title\" content=\"Objective - Instituto de Investigaci\u00f3n e Innovaci\u00f3n Agroalimentaria y Agroambiental de la UMH\" \/>\n<meta property=\"og:description\" content=\"OBJECTIVETo foster synergies and competitiveness in research tasks, through the joint and coordinated action of the research groups that comprise it. To disseminate, inform, transmit and raise awareness in society, about the importance of science and knowledge in general, as well as the progress made at the institute itself.The institute is designed with an interdisciplinary [&hellip;]\" \/>\n<meta property=\"og:url\" content=\"https:\/\/ciagro.umh.es\/en\/objetivos\/\" \/>\n<meta property=\"og:site_name\" content=\"Instituto de Investigaci\u00f3n e Innovaci\u00f3n Agroalimentaria y Agroambiental de la UMH\" \/>\n<meta property=\"article:modified_time\" content=\"2026-03-12T11:10:33+00:00\" \/>\n<meta name=\"twitter:card\" content=\"summary_large_image\" \/>\n<meta name=\"twitter:label1\" content=\"Est. reading time\" \/>\n\t<meta name=\"twitter:data1\" content=\"8 minutes\" \/>\n<script type=\"application\/ld+json\" class=\"yoast-schema-graph\">{\"@context\":\"https:\/\/schema.org\",\"@graph\":[{\"@type\":\"WebSite\",\"@id\":\"https:\/\/ciagro.umh.es\/#website\",\"url\":\"https:\/\/ciagro.umh.es\/\",\"name\":\"Instituto de Investigaci\\u00f3n e Innovaci\\u00f3n Agroalimentaria y Agroambiental de la UMH\",\"description\":\"Universidad Miguel Hern\\u00e1ndez de Elche\",\"potentialAction\":[{\"@type\":\"SearchAction\",\"target\":{\"@type\":\"EntryPoint\",\"urlTemplate\":\"https:\/\/ciagro.umh.es\/?s={search_term_string}\"},\"query-input\":\"required name=search_term_string\"}],\"inLanguage\":\"en-US\"},{\"@type\":\"WebPage\",\"@id\":\"https:\/\/ciagro.umh.es\/en\/objetivos\/#webpage\",\"url\":\"https:\/\/ciagro.umh.es\/en\/objetivos\/\",\"name\":\"Objective - Instituto de Investigaci\\u00f3n e Innovaci\\u00f3n Agroalimentaria y Agroambiental de la UMH\",\"isPartOf\":{\"@id\":\"https:\/\/ciagro.umh.es\/#website\"},\"datePublished\":\"2021-05-26T18:14:56+00:00\",\"dateModified\":\"2026-03-12T11:10:33+00:00\",\"breadcrumb\":{\"@id\":\"https:\/\/ciagro.umh.es\/en\/objetivos\/#breadcrumb\"},\"inLanguage\":\"en-US\",\"potentialAction\":[{\"@type\":\"ReadAction\",\"target\":[\"https:\/\/ciagro.umh.es\/en\/objetivos\/\"]}]},{\"@type\":\"BreadcrumbList\",\"@id\":\"https:\/\/ciagro.umh.es\/en\/objetivos\/#breadcrumb\",\"itemListElement\":[{\"@type\":\"ListItem\",\"position\":1,\"name\":\"Portada\",\"item\":\"https:\/\/ciagro.umh.es\/en\/\"},{\"@type\":\"ListItem\",\"position\":2,\"name\":\"Objective\"}]}]}<\/script>\n<!-- \/ Yoast SEO plugin. -->","yoast_head_json":{"title":"Objective - Instituto de Investigaci\u00f3n e Innovaci\u00f3n Agroalimentaria y Agroambiental de la UMH","robots":{"index":"index","follow":"follow","max-snippet":"max-snippet:-1","max-image-preview":"max-image-preview:large","max-video-preview":"max-video-preview:-1"},"canonical":"https:\/\/ciagro.umh.es\/en\/objetivos\/","og_locale":"en_US","og_type":"article","og_title":"Objective - Instituto de Investigaci\u00f3n e Innovaci\u00f3n Agroalimentaria y Agroambiental de la UMH","og_description":"OBJECTIVETo foster synergies and competitiveness in research tasks, through the joint and coordinated action of the research groups that comprise it. To disseminate, inform, transmit and raise awareness in society, about the importance of science and knowledge in general, as well as the progress made at the institute itself.The institute is designed with an interdisciplinary [&hellip;]","og_url":"https:\/\/ciagro.umh.es\/en\/objetivos\/","og_site_name":"Instituto de Investigaci\u00f3n e Innovaci\u00f3n Agroalimentaria y Agroambiental de la UMH","article_modified_time":"2026-03-12T11:10:33+00:00","twitter_card":"summary_large_image","twitter_misc":{"Est. reading time":"8 minutes"},"schema":{"@context":"https:\/\/schema.org","@graph":[{"@type":"WebSite","@id":"https:\/\/ciagro.umh.es\/#website","url":"https:\/\/ciagro.umh.es\/","name":"Instituto de Investigaci\u00f3n e Innovaci\u00f3n Agroalimentaria y Agroambiental de la UMH","description":"Universidad Miguel Hern\u00e1ndez de Elche","potentialAction":[{"@type":"SearchAction","target":{"@type":"EntryPoint","urlTemplate":"https:\/\/ciagro.umh.es\/?s={search_term_string}"},"query-input":"required name=search_term_string"}],"inLanguage":"en-US"},{"@type":"WebPage","@id":"https:\/\/ciagro.umh.es\/en\/objetivos\/#webpage","url":"https:\/\/ciagro.umh.es\/en\/objetivos\/","name":"Objective - Instituto de Investigaci\u00f3n e Innovaci\u00f3n Agroalimentaria y Agroambiental de la UMH","isPartOf":{"@id":"https:\/\/ciagro.umh.es\/#website"},"datePublished":"2021-05-26T18:14:56+00:00","dateModified":"2026-03-12T11:10:33+00:00","breadcrumb":{"@id":"https:\/\/ciagro.umh.es\/en\/objetivos\/#breadcrumb"},"inLanguage":"en-US","potentialAction":[{"@type":"ReadAction","target":["https:\/\/ciagro.umh.es\/en\/objetivos\/"]}]},{"@type":"BreadcrumbList","@id":"https:\/\/ciagro.umh.es\/en\/objetivos\/#breadcrumb","itemListElement":[{"@type":"ListItem","position":1,"name":"Portada","item":"https:\/\/ciagro.umh.es\/en\/"},{"@type":"ListItem","position":2,"name":"Objective"}]}]}},"_links":{"self":[{"href":"https:\/\/ciagro.umh.es\/en\/wp-json\/wp\/v2\/pages\/6352"}],"collection":[{"href":"https:\/\/ciagro.umh.es\/en\/wp-json\/wp\/v2\/pages"}],"about":[{"href":"https:\/\/ciagro.umh.es\/en\/wp-json\/wp\/v2\/types\/page"}],"author":[{"embeddable":true,"href":"https:\/\/ciagro.umh.es\/en\/wp-json\/wp\/v2\/users\/6351"}],"replies":[{"embeddable":true,"href":"https:\/\/ciagro.umh.es\/en\/wp-json\/wp\/v2\/comments?post=6352"}],"version-history":[{"count":0,"href":"https:\/\/ciagro.umh.es\/en\/wp-json\/wp\/v2\/pages\/6352\/revisions"}],"wp:attachment":[{"href":"https:\/\/ciagro.umh.es\/en\/wp-json\/wp\/v2\/media?parent=6352"}],"curies":[{"name":"wp","href":"https:\/\/api.w.org\/{rel}","templated":true}]}}