{"id":6343,"date":"2025-02-03T23:41:49","date_gmt":"2025-02-03T22:41:49","guid":{"rendered":"https:\/\/ciagro.umh.es\/news\/newsletter\/"},"modified":"2026-03-12T12:26:25","modified_gmt":"2026-03-12T11:26:25","slug":"newsletter","status":"publish","type":"page","link":"https:\/\/ciagro.umh.es\/en\/news\/newsletter\/","title":{"rendered":"Newsletter"},"content":{"rendered":"<p>[et_pb_section fb_built=&#8221;1&#8243; _builder_version=&#8221;4.16&#8243; custom_padding=&#8221;||0px|||&#8221; global_colors_info=&#8221;{}&#8221;][et_pb_row column_structure=&#8221;1_2,1_2&#8243; _builder_version=&#8221;4.17.4&#8243; background_color=&#8221;rgba(226,226,81,0.72)&#8221; use_background_color_gradient=&#8221;on&#8221; background_color_gradient_type=&#8221;circular&#8221; background_color_gradient_direction_radial=&#8221;left&#8221; background_color_gradient_stops=&#8221;#d7e241 0%|#FFFFFF 100%&#8221; background_color_gradient_start=&#8221;#d7e241&#8243; background_color_gradient_end=&#8221;#FFFFFF&#8221; max_width=&#8221;1130px&#8221; locked=&#8221;off&#8221; global_colors_info=&#8221;{}&#8221;][et_pb_column type=&#8221;1_2&#8243; _builder_version=&#8221;4.16&#8243; global_colors_info=&#8221;{}&#8221;][et_pb_text _builder_version=&#8221;4.17.4&#8243; text_font=&#8221;|600|||||||&#8221; text_text_color=&#8221;rgba(62,24,24,0.71)&#8221; text_font_size=&#8221;32px&#8221; min_height=&#8221;11.8px&#8221; custom_margin=&#8221;11px||11px|||&#8221; custom_padding=&#8221;||7px|43px|false|false&#8221; global_colors_info=&#8221;{}&#8221;]<\/p>\n<p>Newsletter<\/p>\n<p>[\/et_pb_text][\/et_pb_column][et_pb_column type=&#8221;1_2&#8243; _builder_version=&#8221;4.16&#8243; global_colors_info=&#8221;{}&#8221;][\/et_pb_column][\/et_pb_row][\/et_pb_section][et_pb_section fb_built=&#8221;1&#8243; _builder_version=&#8221;4.17.4&#8243; global_colors_info=&#8221;{}&#8221;][et_pb_row column_structure=&#8221;1_2,1_2&#8243; disabled_on=&#8221;on|on|on&#8221; _builder_version=&#8221;4.16&#8243; disabled=&#8221;on&#8221; global_colors_info=&#8221;{}&#8221;][et_pb_column type=&#8221;1_2&#8243; _builder_version=&#8221;4.16&#8243; global_colors_info=&#8221;{}&#8221;][et_pb_text _builder_version=&#8221;4.16&#8243; header_2_text_color=&#8221;#55BAB7&#8243; header_3_text_color=&#8221;#55BAB7&#8243; custom_padding=&#8221;15px|15px|15px|15px|false|false&#8221; link_option_url=&#8221;https:\/\/doi.org\/10.1016\/j.fochms.2022.100112&#8243; link_option_url_new_window=&#8221;on&#8221; border_width_all=&#8221;2px&#8221; border_color_all=&#8221;#d7e241&#8243; box_shadow_style=&#8221;preset3&#8243; global_colors_info=&#8221;{}&#8221;]<\/p>\n<h3>MEDINA-SANTAMARINA, J. ET AL. (2022)<\/h3>\n<p class=\"publication-title u-h3\" id=\"publication-title\">Foods, DOI: <span style=\"color: #55bab7\"><a href=\"https:\/\/doi.org\/10.3390\/foods11182784\" target=\"_blank\" data-saferedirecturl=\"https:\/\/www.google.com\/url?q=https:\/\/doi.org\/10.3390\/foods11182784&amp;source=gmail&amp;ust=1664434852335000&amp;usg=AOvVaw2juT0S7SWhFr94Eudgk-H3\" rel=\"noopener\" style=\"color: #55bab7\">10.3390\/foods11182784<\/a><\/span><\/p>\n<p id=\"screen-reader-main-title\" class=\"Head u-font-serif u-h2 u-margin-s-ver\"><em>A Synergistic Effect Based on the Combination of Melatonin with 1-Methylcyclopropene as a New Strategy to Increase Chilling Tolerance and General Quality in Zucchini Fruit<\/em><\/p>\n<p>[\/et_pb_text][et_pb_text _builder_version=&#8221;4.16&#8243; header_2_text_color=&#8221;#55BAB7&#8243; header_3_text_color=&#8221;#55BAB7&#8243; custom_padding=&#8221;15px|15px|15px|15px|false|false&#8221; link_option_url=&#8221;https:\/\/doi.org\/10.1016\/j.scienta.2022.111207&#8243; link_option_url_new_window=&#8221;on&#8221; border_width_all=&#8221;2px&#8221; border_color_all=&#8221;#d7e241&#8243; box_shadow_style=&#8221;preset3&#8243; locked=&#8221;off&#8221; global_colors_info=&#8221;{}&#8221;]<\/p>\n<h3>CARANQUI-ALDAZ, J. M. ET AL. (2022)<\/h3>\n<p class=\"publication-title u-h3\" id=\"publication-title\">Scientia Horticulturae, DOI:\u00a0<span style=\"color: #55bab7\"><a href=\"https:\/\/doi.org\/10.1016\/j.scienta.2022.111207\" style=\"color: #55bab7\">10.1016\/j.scienta.2022.111207<\/a><\/span><\/p>\n<p id=\"screen-reader-main-title\" class=\"Head u-font-serif u-h2 u-margin-s-ver\"><em><span class=\"title-text\">Reproductive phenology of\u00a0Vaccinium floribundum\u00a0Kunth (Ericaceae) and codification according to the BBCH scale based on evidence from the volcano Chimborazo paramo (Ecuador)<\/span><\/em><\/p>\n<p>[\/et_pb_text][et_pb_text _builder_version=&#8221;4.16&#8243; header_2_text_color=&#8221;#55BAB7&#8243; header_3_text_color=&#8221;#55BAB7&#8243; custom_padding=&#8221;15px|15px|15px|15px|false|false&#8221; link_option_url=&#8221;https:\/\/doi.org\/10.1016\/j.lwt.2022.113416&#8243; link_option_url_new_window=&#8221;on&#8221; border_width_all=&#8221;2px&#8221; border_color_all=&#8221;#d7e241&#8243; box_shadow_style=&#8221;preset3&#8243; locked=&#8221;off&#8221; global_colors_info=&#8221;{}&#8221;]<\/p>\n<h3>BOTELLA-MART\u00cdNEZ, C. ET AL. (2022)<\/h3>\n<p class=\"publication-title u-h3\" id=\"publication-title\">Food Science and Technology, DOI:\u00a0<span style=\"color: #55bab7\"><a href=\"https:\/\/doi.org\/10.1016\/j.lwt.2022.113416\" style=\"color: #55bab7\">10.1016\/j.lwt.2022.113416<\/a><\/span><\/p>\n<p id=\"screen-reader-main-title\" class=\"Head u-font-serif u-h2 u-margin-s-ver\"><em><span class=\"title-text\">Improving the lipid profile of beef burgers added with chia oil (Salvia hispanica\u00a0L.) or hemp oil (Cannabis sativa\u00a0L.) gelled emulsions as partial animal fat replacers<\/span><\/em><\/p>\n<p>[\/et_pb_text][\/et_pb_column][et_pb_column type=&#8221;1_2&#8243; _builder_version=&#8221;4.16&#8243; global_colors_info=&#8221;{}&#8221;][et_pb_text _builder_version=&#8221;4.16&#8243; header_2_text_color=&#8221;#55BAB7&#8243; header_3_text_color=&#8221;#55BAB7&#8243; custom_padding=&#8221;15px|15px|15px|15px|false|false&#8221; link_option_url=&#8221;https:\/\/doi.org\/10.1016\/j.fochms.2022.100112&#8243; link_option_url_new_window=&#8221;on&#8221; border_width_all=&#8221;2px&#8221; border_color_all=&#8221;#d7e241&#8243; box_shadow_style=&#8221;preset3&#8243; global_colors_info=&#8221;{}&#8221;]<\/p>\n<h3>LEGUA, P. ET AL. (2022)<\/h3>\n<p class=\"publication-title u-h3\" id=\"publication-title\">Food Chemistry: Molecular Sciences, DOI:\u00a0<span style=\"color: #55bab7\"><a href=\"https:\/\/doi.org\/10.1016\/j.fochms.2022.100112\" style=\"color: #55bab7\">10.1016\/j.fochms.2022.100112<\/a><\/span><\/p>\n<p id=\"screen-reader-main-title\" class=\"Head u-font-serif u-h2 u-margin-s-ver\"><em><span class=\"title-text\">Influence of fruit bagging technique on the morphometric and biochemical characteristics of two pomegranate varieties (Punica granatum\u00a0L.)<\/span><\/em><\/p>\n<p>[\/et_pb_text][et_pb_text _builder_version=&#8221;4.16&#8243; header_2_text_color=&#8221;#55BAB7&#8243; header_3_text_color=&#8221;#55BAB7&#8243; custom_padding=&#8221;15px|15px|15px|15px|false|false&#8221; link_option_url=&#8221;https:\/\/doi.org\/10.3389\/fvets.2022.866132&#8243; link_option_url_new_window=&#8221;on&#8221; border_width_all=&#8221;2px&#8221; border_color_all=&#8221;#d7e241&#8243; box_shadow_style=&#8221;preset3&#8243; locked=&#8221;off&#8221; global_colors_info=&#8221;{}&#8221;]<\/p>\n<h3>RIVERA, D. ET AL. (2022)<\/h3>\n<p class=\"publication-title u-h3\" id=\"publication-title\">Frontiers in Veterinary Science, DOI:\u00a0<span style=\"color: #00ffff\"><a href=\"https:\/\/doi.org\/10.3389\/fvets.2022.866132\" style=\"color: #55bab7\">10.3389\/fvets.2022.866132<\/a><\/span><span style=\"color: #55bab7\"><\/span><\/p>\n<p><em>Ethnoveterinary Medicine and Ethnopharmacology in the Main Transhumance Areas of Castilla-La Mancha (Spain)<\/em>[\/et_pb_text][et_pb_text _builder_version=&#8221;4.16&#8243; header_2_text_color=&#8221;#55BAB7&#8243; header_3_text_color=&#8221;#55BAB7&#8243; custom_padding=&#8221;15px|15px|15px|15px|false|false&#8221; link_option_url=&#8221; https:\/\/doi.org\/10.3390\/foods11091186&#8243; link_option_url_new_window=&#8221;on&#8221; border_width_all=&#8221;2px&#8221; border_color_all=&#8221;#d7e241&#8243; box_shadow_style=&#8221;preset3&#8243; locked=&#8221;off&#8221; global_colors_info=&#8221;{}&#8221;]<\/p>\n<h3>G\u00d3MEZ-L\u00d3PEZ, V. M. ET AL. (2022)<\/h3>\n<p class=\"publication-title u-h3\" id=\"publication-title\">Foods, DOI:\u00a0<span style=\"color: #00ffff\"><a href=\"https:\/\/doi.org\/10.3390\/foods11091186\" style=\"color: #55bab7\">10.3390\/foods11091186<\/a><\/span><span style=\"color: #55bab7\"><\/span><\/p>\n<p class=\"title hypothesis_container\"><em>Effect of Pulsed Light on Quality of Shelled Walnuts<\/em><\/p>\n<p>[\/et_pb_text][\/et_pb_column][\/et_pb_row][et_pb_row _builder_version=&#8221;4.17.4&#8243; _module_preset=&#8221;default&#8221; global_colors_info=&#8221;{}&#8221;][et_pb_column type=&#8221;4_4&#8243; _builder_version=&#8221;4.17.4&#8243; _module_preset=&#8221;default&#8221; global_colors_info=&#8221;{}&#8221;][et_pb_text _builder_version=&#8221;4.17.4&#8243; _module_preset=&#8221;default&#8221; global_colors_info=&#8221;{}&#8221;]<iframe loading=\"lazy\" style=\"display: block; margin-left: auto; margin-right: auto; max-width: 100%;\" src=\"https:\/\/148b8d9e.sibforms.com\/serve\/MUIFAAK51KDVEKNnDjnGp0M6vZTdGhYKSJJ8WeXCl7P-5Qe-3GMJjC-ajwoGJKc4nvjyz1nJ_7Wh0sVSHBFaYVSlAHWxUTPSoflr3ZmZDfBtQMPL9t92r8_x3W0u5z6XICpRBtR-FmBjv2W7tnubUiyGy557BQJ42mSXswesXMU49DBZ0rFxhfkpveDCEmpwbdFJA9y9WZ9UxYpB\" width=\"540\" height=\"720\" frameborder=\"0\" scrolling=\"auto\" allowfullscreen=\"allowfullscreen\"><\/iframe>[\/et_pb_text][et_pb_text _builder_version=&#8221;4.17.4&#8243; _module_preset=&#8221;default&#8221; global_colors_info=&#8221;{}&#8221;]<\/p>\n<p><iframe loading=\"lazy\" src=\"https:\/\/ciagro.umh.es\/files\/2025\/07\/Newsletter-CIAGRO-UMH-mayo-junio.pdf\" width=\"100%\" height=\"2000px\"><\/iframe><\/p>\n<p>[\/et_pb_text][et_pb_text _builder_version=&#8221;4.17.4&#8243; _module_preset=&#8221;default&#8221; global_colors_info=&#8221;{}&#8221;]<\/p>\n<h2><strong><a href=\"https:\/\/ciagro.umh.es\/files\/2025\/07\/Newsletter-CIAGRO-UMH-mayo-junio.pdf\" target=\"_blank\" rel=\"noopener\">Newsletter de Mayo-Junio 2025<\/a><\/strong><\/h2>\n<h2><strong><a href=\"https:\/\/f5hcg.r.ag.d.sendibm3.com\/mk\/mr\/sh\/OycXxko2a8zXNsWQTjYsRf2G\/hpVc6TmuyrtC\" target=\"_blank\" rel=\"noopener\">Newsletter de Febrero 2025<\/a><\/strong><\/h2>\n<h2><strong><a href=\"https:\/\/f5hcg.r.ag.d.sendibm3.com\/mk\/mr\/sh\/1f8JAEjGcfF85qgQ78U3vj9gcq\/LCTfTrIxDgHD\" target=\"_blank\" rel=\"noopener\">Newsletter de Enero 2025<\/a><\/strong><\/h2>\n<h2>\u00a0<\/h2>\n<p>[\/et_pb_text][\/et_pb_column][\/et_pb_row][\/et_pb_section]<\/p>\n","protected":false},"excerpt":{"rendered":"<p>NewsletterMEDINA-SANTAMARINA, J. ET AL. (2022) Foods, DOI: 10.3390\/foods11182784 A Synergistic Effect Based on the Combination of Melatonin with 1-Methylcyclopropene as a New Strategy to Increase Chilling Tolerance and General Quality in Zucchini FruitCARANQUI-ALDAZ, J. M. ET AL. (2022) Scientia Horticulturae, DOI:\u00a010.1016\/j.scienta.2022.111207 Reproductive phenology of\u00a0Vaccinium floribundum\u00a0Kunth (Ericaceae) and codification according to the BBCH scale based on [&hellip;]<\/p>\n","protected":false},"author":1159,"featured_media":0,"parent":6331,"menu_order":2,"comment_status":"closed","ping_status":"closed","template":"","meta":{"_et_pb_use_builder":"on","_et_pb_old_content":"","_et_gb_content_width":"","_links_to":"","_links_to_target":""},"yoast_head":"<!-- This site is optimized with the Yoast SEO plugin v17.5 - https:\/\/yoast.com\/wordpress\/plugins\/seo\/ -->\n<title>Newsletter - Instituto de Investigaci\u00f3n e Innovaci\u00f3n Agroalimentaria y Agroambiental de la UMH<\/title>\n<meta name=\"robots\" content=\"index, follow, max-snippet:-1, max-image-preview:large, max-video-preview:-1\" \/>\n<link rel=\"canonical\" href=\"https:\/\/ciagro.umh.es\/en\/news\/newsletter\/\" \/>\n<meta property=\"og:locale\" content=\"en_US\" \/>\n<meta property=\"og:type\" content=\"article\" \/>\n<meta property=\"og:title\" content=\"Newsletter - Instituto de Investigaci\u00f3n e Innovaci\u00f3n Agroalimentaria y Agroambiental de la UMH\" \/>\n<meta property=\"og:description\" content=\"NewsletterMEDINA-SANTAMARINA, J. ET AL. (2022) Foods, DOI: 10.3390\/foods11182784 A Synergistic Effect Based on the Combination of Melatonin with 1-Methylcyclopropene as a New Strategy to Increase Chilling Tolerance and General Quality in Zucchini FruitCARANQUI-ALDAZ, J. M. ET AL. (2022) Scientia Horticulturae, DOI:\u00a010.1016\/j.scienta.2022.111207 Reproductive phenology of\u00a0Vaccinium floribundum\u00a0Kunth (Ericaceae) and codification according to the BBCH scale based on [&hellip;]\" \/>\n<meta property=\"og:url\" content=\"https:\/\/ciagro.umh.es\/en\/news\/newsletter\/\" \/>\n<meta property=\"og:site_name\" content=\"Instituto de Investigaci\u00f3n e Innovaci\u00f3n Agroalimentaria y Agroambiental de la UMH\" \/>\n<meta property=\"article:modified_time\" content=\"2026-03-12T11:26:25+00:00\" \/>\n<meta name=\"twitter:card\" content=\"summary_large_image\" \/>\n<meta name=\"twitter:label1\" content=\"Est. reading time\" \/>\n\t<meta name=\"twitter:data1\" content=\"2 minutes\" \/>\n<script type=\"application\/ld+json\" class=\"yoast-schema-graph\">{\"@context\":\"https:\/\/schema.org\",\"@graph\":[{\"@type\":\"WebSite\",\"@id\":\"https:\/\/ciagro.umh.es\/#website\",\"url\":\"https:\/\/ciagro.umh.es\/\",\"name\":\"Instituto de Investigaci\\u00f3n e Innovaci\\u00f3n Agroalimentaria y Agroambiental de la UMH\",\"description\":\"Universidad Miguel Hern\\u00e1ndez de Elche\",\"potentialAction\":[{\"@type\":\"SearchAction\",\"target\":{\"@type\":\"EntryPoint\",\"urlTemplate\":\"https:\/\/ciagro.umh.es\/?s={search_term_string}\"},\"query-input\":\"required name=search_term_string\"}],\"inLanguage\":\"en-US\"},{\"@type\":\"WebPage\",\"@id\":\"https:\/\/ciagro.umh.es\/en\/news\/newsletter\/#webpage\",\"url\":\"https:\/\/ciagro.umh.es\/en\/news\/newsletter\/\",\"name\":\"Newsletter - Instituto de Investigaci\\u00f3n e Innovaci\\u00f3n Agroalimentaria y Agroambiental de la UMH\",\"isPartOf\":{\"@id\":\"https:\/\/ciagro.umh.es\/#website\"},\"datePublished\":\"2025-02-03T22:41:49+00:00\",\"dateModified\":\"2026-03-12T11:26:25+00:00\",\"breadcrumb\":{\"@id\":\"https:\/\/ciagro.umh.es\/en\/news\/newsletter\/#breadcrumb\"},\"inLanguage\":\"en-US\",\"potentialAction\":[{\"@type\":\"ReadAction\",\"target\":[\"https:\/\/ciagro.umh.es\/en\/news\/newsletter\/\"]}]},{\"@type\":\"BreadcrumbList\",\"@id\":\"https:\/\/ciagro.umh.es\/en\/news\/newsletter\/#breadcrumb\",\"itemListElement\":[{\"@type\":\"ListItem\",\"position\":1,\"name\":\"Portada\",\"item\":\"https:\/\/ciagro.umh.es\/en\/\"},{\"@type\":\"ListItem\",\"position\":2,\"name\":\"NEWS\",\"item\":\"https:\/\/ciagro.umh.es\/en\/news\/\"},{\"@type\":\"ListItem\",\"position\":3,\"name\":\"Newsletter\"}]}]}<\/script>\n<!-- \/ Yoast SEO plugin. -->","yoast_head_json":{"title":"Newsletter - Instituto de Investigaci\u00f3n e Innovaci\u00f3n Agroalimentaria y Agroambiental de la UMH","robots":{"index":"index","follow":"follow","max-snippet":"max-snippet:-1","max-image-preview":"max-image-preview:large","max-video-preview":"max-video-preview:-1"},"canonical":"https:\/\/ciagro.umh.es\/en\/news\/newsletter\/","og_locale":"en_US","og_type":"article","og_title":"Newsletter - Instituto de Investigaci\u00f3n e Innovaci\u00f3n Agroalimentaria y Agroambiental de la UMH","og_description":"NewsletterMEDINA-SANTAMARINA, J. ET AL. (2022) Foods, DOI: 10.3390\/foods11182784 A Synergistic Effect Based on the Combination of Melatonin with 1-Methylcyclopropene as a New Strategy to Increase Chilling Tolerance and General Quality in Zucchini FruitCARANQUI-ALDAZ, J. M. ET AL. (2022) Scientia Horticulturae, DOI:\u00a010.1016\/j.scienta.2022.111207 Reproductive phenology of\u00a0Vaccinium floribundum\u00a0Kunth (Ericaceae) and codification according to the BBCH scale based on [&hellip;]","og_url":"https:\/\/ciagro.umh.es\/en\/news\/newsletter\/","og_site_name":"Instituto de Investigaci\u00f3n e Innovaci\u00f3n Agroalimentaria y Agroambiental de la UMH","article_modified_time":"2026-03-12T11:26:25+00:00","twitter_card":"summary_large_image","twitter_misc":{"Est. reading time":"2 minutes"},"schema":{"@context":"https:\/\/schema.org","@graph":[{"@type":"WebSite","@id":"https:\/\/ciagro.umh.es\/#website","url":"https:\/\/ciagro.umh.es\/","name":"Instituto de Investigaci\u00f3n e Innovaci\u00f3n Agroalimentaria y Agroambiental de la UMH","description":"Universidad Miguel Hern\u00e1ndez de Elche","potentialAction":[{"@type":"SearchAction","target":{"@type":"EntryPoint","urlTemplate":"https:\/\/ciagro.umh.es\/?s={search_term_string}"},"query-input":"required name=search_term_string"}],"inLanguage":"en-US"},{"@type":"WebPage","@id":"https:\/\/ciagro.umh.es\/en\/news\/newsletter\/#webpage","url":"https:\/\/ciagro.umh.es\/en\/news\/newsletter\/","name":"Newsletter - Instituto de Investigaci\u00f3n e Innovaci\u00f3n Agroalimentaria y Agroambiental de la UMH","isPartOf":{"@id":"https:\/\/ciagro.umh.es\/#website"},"datePublished":"2025-02-03T22:41:49+00:00","dateModified":"2026-03-12T11:26:25+00:00","breadcrumb":{"@id":"https:\/\/ciagro.umh.es\/en\/news\/newsletter\/#breadcrumb"},"inLanguage":"en-US","potentialAction":[{"@type":"ReadAction","target":["https:\/\/ciagro.umh.es\/en\/news\/newsletter\/"]}]},{"@type":"BreadcrumbList","@id":"https:\/\/ciagro.umh.es\/en\/news\/newsletter\/#breadcrumb","itemListElement":[{"@type":"ListItem","position":1,"name":"Portada","item":"https:\/\/ciagro.umh.es\/en\/"},{"@type":"ListItem","position":2,"name":"NEWS","item":"https:\/\/ciagro.umh.es\/en\/news\/"},{"@type":"ListItem","position":3,"name":"Newsletter"}]}]}},"_links":{"self":[{"href":"https:\/\/ciagro.umh.es\/en\/wp-json\/wp\/v2\/pages\/6343"}],"collection":[{"href":"https:\/\/ciagro.umh.es\/en\/wp-json\/wp\/v2\/pages"}],"about":[{"href":"https:\/\/ciagro.umh.es\/en\/wp-json\/wp\/v2\/types\/page"}],"author":[{"embeddable":true,"href":"https:\/\/ciagro.umh.es\/en\/wp-json\/wp\/v2\/users\/1159"}],"replies":[{"embeddable":true,"href":"https:\/\/ciagro.umh.es\/en\/wp-json\/wp\/v2\/comments?post=6343"}],"version-history":[{"count":0,"href":"https:\/\/ciagro.umh.es\/en\/wp-json\/wp\/v2\/pages\/6343\/revisions"}],"up":[{"embeddable":true,"href":"https:\/\/ciagro.umh.es\/en\/wp-json\/wp\/v2\/pages\/6331"}],"wp:attachment":[{"href":"https:\/\/ciagro.umh.es\/en\/wp-json\/wp\/v2\/media?parent=6343"}],"curies":[{"name":"wp","href":"https:\/\/api.w.org\/{rel}","templated":true}]}}